{"id":1368,"date":"2026-03-16T09:20:07","date_gmt":"2026-03-16T09:20:07","guid":{"rendered":"https:\/\/1meister.ee\/?page_id=1368"},"modified":"2026-03-16T09:29:38","modified_gmt":"2026-03-16T09:29:38","slug":"varuosaparing","status":"publish","type":"page","link":"https:\/\/1meister.ee\/et\/varuosaparing\/","title":{"rendered":"Varuosap\u00e4ring"},"content":{"rendered":"<p>Kas otsite kodumasinale varuosa? Edastage meile p\u00e4ring alloleva vormi kaudu ning saadame teile pakkumise. Varuosap\u00e4ringu juurde kuuluvad fotod v\u00f5i muu lisainfo palume edastada e-mailile <a href=\"mailto:varuosad@1meister.ee\">varuosad@1meister.ee<\/a>.<\/p>\n<div class=\"wpforms-container \" id=\"wpforms-1372\"><form id=\"wpforms-form-1372\" class=\"wpforms-validate wpforms-form wpforms-ajax-form\" data-formid=\"1372\" method=\"post\" enctype=\"multipart\/form-data\" action=\"\/et\/wp-json\/wp\/v2\/pages\/1368\" data-token=\"84890d645ab120a61d1a88e32abe8cef\" data-token-time=\"1775513844\"><noscript class=\"wpforms-error-noscript\">Please enable JavaScript in your browser to complete this form.<\/noscript><div class=\"wpforms-field-container\"><div id=\"wpforms-1372-field_1-container\" class=\"wpforms-field wpforms-field-name\" data-field-id=\"1\"><label class=\"wpforms-field-label\" for=\"wpforms-1372-field_1\">Nimi <span class=\"wpforms-required-label\">*<\/span><\/label><input type=\"text\" id=\"wpforms-1372-field_1\" class=\"wpforms-field-medium wpforms-field-required\" name=\"wpforms[fields][1]\" required><\/div><div id=\"wpforms-1372-field_2-container\" class=\"wpforms-field wpforms-field-email\" data-field-id=\"2\"><label class=\"wpforms-field-label\" for=\"wpforms-1372-field_2\">E-mail <span class=\"wpforms-required-label\">*<\/span><\/label><input type=\"email\" id=\"wpforms-1372-field_2\" class=\"wpforms-field-medium wpforms-field-required\" name=\"wpforms[fields][2]\" spellcheck=\"false\" required><\/div>\t\t<div id=\"wpforms-1372-field_7-container\"\n\t\t\tclass=\"wpforms-field wpforms-field-text\"\n\t\t\tdata-field-type=\"text\"\n\t\t\tdata-field-id=\"7\"\n\t\t\t>\n\t\t\t<label class=\"wpforms-field-label\" for=\"wpforms-1372-field_7\" >tootja P\u00e4ringu Seadme<\/label>\n\t\t\t<input type=\"text\" id=\"wpforms-1372-field_7\" class=\"wpforms-field-medium\" name=\"wpforms[fields][7]\" >\n\t\t<\/div>\n\t\t<div id=\"wpforms-1372-field_4-container\" class=\"wpforms-field wpforms-field-number\" data-field-id=\"4\"><label class=\"wpforms-field-label\" for=\"wpforms-1372-field_4\">Telefon<\/label><input type=\"number\" id=\"wpforms-1372-field_4\" class=\"wpforms-field-medium\" name=\"wpforms[fields][4]\" step=\"any\" ><\/div><div id=\"wpforms-1372-field_5-container\" class=\"wpforms-field wpforms-field-text\" data-field-id=\"5\"><label class=\"wpforms-field-label\" for=\"wpforms-1372-field_5\">Seadme tootja <span class=\"wpforms-required-label\">*<\/span><\/label><input type=\"text\" id=\"wpforms-1372-field_5\" class=\"wpforms-field-medium wpforms-field-required\" name=\"wpforms[fields][5]\" required><\/div><div id=\"wpforms-1372-field_6-container\" class=\"wpforms-field wpforms-field-text\" data-field-id=\"6\"><label class=\"wpforms-field-label\" for=\"wpforms-1372-field_6\">Seadme mudel <span class=\"wpforms-required-label\">*<\/span><\/label><input type=\"text\" id=\"wpforms-1372-field_6\" class=\"wpforms-field-medium wpforms-field-required\" name=\"wpforms[fields][6]\" required><\/div><div id=\"wpforms-1372-field_3-container\" class=\"wpforms-field wpforms-field-textarea\" data-field-id=\"3\"><label class=\"wpforms-field-label\" for=\"wpforms-1372-field_3\">P\u00e4ringu sisu <span class=\"wpforms-required-label\">*<\/span><\/label><textarea id=\"wpforms-1372-field_3\" class=\"wpforms-field-medium wpforms-field-required\" name=\"wpforms[fields][3]\" required><\/textarea><\/div><script>\n\t\t\t\t( function() {\n\t\t\t\t\tconst style = document.createElement( 'style' );\n\t\t\t\t\tstyle.appendChild( document.createTextNode( '#wpforms-1372-field_7-container { position: absolute !important; overflow: hidden !important; display: inline !important; height: 1px !important; width: 1px !important; z-index: -1000 !important; padding: 0 !important; } #wpforms-1372-field_7-container input { visibility: hidden; } #wpforms-conversational-form-page #wpforms-1372-field_7-container label { counter-increment: none; }' ) );\n\t\t\t\t\tdocument.head.appendChild( style );\n\t\t\t\t\tdocument.currentScript?.remove();\n\t\t\t\t} )();\n\t\t\t<\/script><\/div><!-- .wpforms-field-container --><div class=\"wpforms-submit-container\" ><input type=\"hidden\" name=\"wpforms[id]\" value=\"1372\"><input type=\"hidden\" name=\"page_title\" value=\"\"><input type=\"hidden\" name=\"page_url\" value=\"https:\/\/1meister.ee\/et\/wp-json\/wp\/v2\/pages\/1368\"><input type=\"hidden\" name=\"url_referer\" value=\"\"><button type=\"submit\" name=\"wpforms[submit]\" id=\"wpforms-submit-1372\" class=\"wpforms-submit\" data-alt-text=\"Saadan...\" data-submit-text=\"Saada\" aria-live=\"assertive\" value=\"wpforms-submit\">Saada<\/button><img loading=\"lazy\" decoding=\"async\" src=\"https:\/\/1meister.ee\/wp-content\/plugins\/wpforms-lite\/assets\/images\/submit-spin.svg\" class=\"wpforms-submit-spinner\" style=\"display: none;\" width=\"26\" height=\"26\" alt=\"Loading\"><\/div><\/form><\/div>  <!-- .wpforms-container -->\n<p>&nbsp;<\/p>\n<p>&nbsp;<\/p>\n<p>&nbsp;<\/p>\n","protected":false},"excerpt":{"rendered":"<p>Kas otsite kodumasinale varuosa? Edastage meile p\u00e4ring alloleva vormi kaudu ning saadame teile pakkumise. Varuosap\u00e4ringu juurde kuuluvad fotod v\u00f5i muu lisainfo palume edastada e-mailile varuosad@1meister.ee. &nbsp; &nbsp; &nbsp;<\/p>\n","protected":false},"author":1,"featured_media":0,"parent":0,"menu_order":0,"comment_status":"closed","ping_status":"closed","template":"","meta":{"site-sidebar-layout":"default","site-content-layout":"","ast-site-content-layout":"default","site-content-style":"default","site-sidebar-style":"default","ast-global-header-display":"","ast-banner-title-visibility":"","ast-main-header-display":"","ast-hfb-above-header-display":"","ast-hfb-below-header-display":"","ast-hfb-mobile-header-display":"","site-post-title":"","ast-breadcrumbs-content":"","ast-featured-img":"","footer-sml-layout":"","theme-transparent-header-meta":"default","adv-header-id-meta":"","stick-header-meta":"","header-above-stick-meta":"","header-main-stick-meta":"","header-below-stick-meta":"","astra-migrate-meta-layouts":"set","footnotes":""},"class_list":["post-1368","page","type-page","status-publish","hentry"],"yoast_head":"<!-- This site is optimized with the Yoast SEO plugin v21.1 - https:\/\/yoast.com\/wordpress\/plugins\/seo\/ -->\n<title>Varuosap\u00e4ring - 1meister.ee<\/title>\n<meta name=\"robots\" content=\"index, follow, max-snippet:-1, max-image-preview:large, max-video-preview:-1\" \/>\n<link rel=\"canonical\" href=\"https:\/\/www.1meister.ee\/en\/spare-parts-sharing\/\" \/>\n<meta property=\"og:locale\" content=\"et_EE\" \/>\n<meta property=\"og:type\" content=\"article\" \/>\n<meta property=\"og:title\" content=\"Varuosap\u00e4ring - 1meister.ee\" \/>\n<meta property=\"og:description\" content=\"Kas otsite kodumasinale varuosa? Edastage meile p\u00e4ring alloleva vormi kaudu ning saadame teile pakkumise. Varuosap\u00e4ringu juurde kuuluvad fotod v\u00f5i muu lisainfo palume edastada e-mailile varuosad@1meister.ee. &nbsp; &nbsp; &nbsp;\" \/>\n<meta property=\"og:url\" content=\"https:\/\/www.1meister.ee\/en\/spare-parts-sharing\/\" \/>\n<meta property=\"og:site_name\" content=\"1meister.ee\" \/>\n<meta property=\"article:modified_time\" content=\"2026-03-16T09:29:38+00:00\" \/>\n<meta name=\"twitter:card\" content=\"summary_large_image\" \/>\n<meta name=\"twitter:label1\" content=\"Est. reading time\" \/>\n\t<meta name=\"twitter:data1\" content=\"1 minut\" \/>\n<script type=\"application\/ld+json\" class=\"yoast-schema-graph\">{\"@context\":\"https:\/\/schema.org\",\"@graph\":[{\"@type\":\"WebPage\",\"@id\":\"https:\/\/www.1meister.ee\/en\/spare-parts-sharing\/\",\"url\":\"https:\/\/www.1meister.ee\/en\/spare-parts-sharing\/\",\"name\":\"Varuosap\u00e4ring - 1meister.ee\",\"isPartOf\":{\"@id\":\"https:\/\/1meister.ee\/en\/#website\"},\"datePublished\":\"2026-03-16T09:20:07+00:00\",\"dateModified\":\"2026-03-16T09:29:38+00:00\",\"breadcrumb\":{\"@id\":\"https:\/\/www.1meister.ee\/en\/spare-parts-sharing\/#breadcrumb\"},\"inLanguage\":\"et\",\"potentialAction\":[{\"@type\":\"ReadAction\",\"target\":[\"https:\/\/www.1meister.ee\/en\/spare-parts-sharing\/\"]}]},{\"@type\":\"BreadcrumbList\",\"@id\":\"https:\/\/www.1meister.ee\/en\/spare-parts-sharing\/#breadcrumb\",\"itemListElement\":[{\"@type\":\"ListItem\",\"position\":1,\"name\":\"Home\",\"item\":\"https:\/\/1meister.ee\/en\/\"},{\"@type\":\"ListItem\",\"position\":2,\"name\":\"Varuosap\u00e4ring\"}]},{\"@type\":\"WebSite\",\"@id\":\"https:\/\/1meister.ee\/en\/#website\",\"url\":\"https:\/\/1meister.ee\/en\/\",\"name\":\"1meister.ee\",\"description\":\"Kodumasinate remont\",\"publisher\":{\"@id\":\"https:\/\/1meister.ee\/en\/#organization\"},\"potentialAction\":[{\"@type\":\"SearchAction\",\"target\":{\"@type\":\"EntryPoint\",\"urlTemplate\":\"https:\/\/1meister.ee\/en\/?s={search_term_string}\"},\"query-input\":\"required name=search_term_string\"}],\"inLanguage\":\"et\"},{\"@type\":\"Organization\",\"@id\":\"https:\/\/1meister.ee\/en\/#organization\",\"name\":\"1meister.ee\",\"url\":\"https:\/\/1meister.ee\/en\/\",\"logo\":{\"@type\":\"ImageObject\",\"inLanguage\":\"et\",\"@id\":\"https:\/\/1meister.ee\/en\/#\/schema\/logo\/image\/\",\"url\":\"https:\/\/1meister.ee\/wp-content\/uploads\/2024\/03\/cropped-1meister-2.png\",\"contentUrl\":\"https:\/\/1meister.ee\/wp-content\/uploads\/2024\/03\/cropped-1meister-2.png\",\"width\":1079,\"height\":360,\"caption\":\"1meister.ee\"},\"image\":{\"@id\":\"https:\/\/1meister.ee\/en\/#\/schema\/logo\/image\/\"}}]}<\/script>\n<!-- \/ Yoast SEO plugin. -->","yoast_head_json":{"title":"Varuosap\u00e4ring - 1meister.ee","robots":{"index":"index","follow":"follow","max-snippet":"max-snippet:-1","max-image-preview":"max-image-preview:large","max-video-preview":"max-video-preview:-1"},"canonical":"https:\/\/www.1meister.ee\/en\/spare-parts-sharing\/","og_locale":"et_EE","og_type":"article","og_title":"Varuosap\u00e4ring - 1meister.ee","og_description":"Kas otsite kodumasinale varuosa? Edastage meile p\u00e4ring alloleva vormi kaudu ning saadame teile pakkumise. Varuosap\u00e4ringu juurde kuuluvad fotod v\u00f5i muu lisainfo palume edastada e-mailile varuosad@1meister.ee. &nbsp; &nbsp; &nbsp;","og_url":"https:\/\/www.1meister.ee\/en\/spare-parts-sharing\/","og_site_name":"1meister.ee","article_modified_time":"2026-03-16T09:29:38+00:00","twitter_card":"summary_large_image","twitter_misc":{"Est. reading time":"1 minut"},"schema":{"@context":"https:\/\/schema.org","@graph":[{"@type":"WebPage","@id":"https:\/\/www.1meister.ee\/en\/spare-parts-sharing\/","url":"https:\/\/www.1meister.ee\/en\/spare-parts-sharing\/","name":"Varuosap\u00e4ring - 1meister.ee","isPartOf":{"@id":"https:\/\/1meister.ee\/en\/#website"},"datePublished":"2026-03-16T09:20:07+00:00","dateModified":"2026-03-16T09:29:38+00:00","breadcrumb":{"@id":"https:\/\/www.1meister.ee\/en\/spare-parts-sharing\/#breadcrumb"},"inLanguage":"et","potentialAction":[{"@type":"ReadAction","target":["https:\/\/www.1meister.ee\/en\/spare-parts-sharing\/"]}]},{"@type":"BreadcrumbList","@id":"https:\/\/www.1meister.ee\/en\/spare-parts-sharing\/#breadcrumb","itemListElement":[{"@type":"ListItem","position":1,"name":"Home","item":"https:\/\/1meister.ee\/en\/"},{"@type":"ListItem","position":2,"name":"Varuosap\u00e4ring"}]},{"@type":"WebSite","@id":"https:\/\/1meister.ee\/en\/#website","url":"https:\/\/1meister.ee\/en\/","name":"1meister.ee","description":"Kodumasinate remont","publisher":{"@id":"https:\/\/1meister.ee\/en\/#organization"},"potentialAction":[{"@type":"SearchAction","target":{"@type":"EntryPoint","urlTemplate":"https:\/\/1meister.ee\/en\/?s={search_term_string}"},"query-input":"required name=search_term_string"}],"inLanguage":"et"},{"@type":"Organization","@id":"https:\/\/1meister.ee\/en\/#organization","name":"1meister.ee","url":"https:\/\/1meister.ee\/en\/","logo":{"@type":"ImageObject","inLanguage":"et","@id":"https:\/\/1meister.ee\/en\/#\/schema\/logo\/image\/","url":"https:\/\/1meister.ee\/wp-content\/uploads\/2024\/03\/cropped-1meister-2.png","contentUrl":"https:\/\/1meister.ee\/wp-content\/uploads\/2024\/03\/cropped-1meister-2.png","width":1079,"height":360,"caption":"1meister.ee"},"image":{"@id":"https:\/\/1meister.ee\/en\/#\/schema\/logo\/image\/"}}]}},"_links":{"self":[{"href":"https:\/\/1meister.ee\/et\/wp-json\/wp\/v2\/pages\/1368","targetHints":{"allow":["GET"]}}],"collection":[{"href":"https:\/\/1meister.ee\/et\/wp-json\/wp\/v2\/pages"}],"about":[{"href":"https:\/\/1meister.ee\/et\/wp-json\/wp\/v2\/types\/page"}],"author":[{"embeddable":true,"href":"https:\/\/1meister.ee\/et\/wp-json\/wp\/v2\/users\/1"}],"replies":[{"embeddable":true,"href":"https:\/\/1meister.ee\/et\/wp-json\/wp\/v2\/comments?post=1368"}],"version-history":[{"count":5,"href":"https:\/\/1meister.ee\/et\/wp-json\/wp\/v2\/pages\/1368\/revisions"}],"predecessor-version":[{"id":1377,"href":"https:\/\/1meister.ee\/et\/wp-json\/wp\/v2\/pages\/1368\/revisions\/1377"}],"wp:attachment":[{"href":"https:\/\/1meister.ee\/et\/wp-json\/wp\/v2\/media?parent=1368"}],"curies":[{"name":"wp","href":"https:\/\/api.w.org\/{rel}","templated":true}]}}