{"id":1299,"date":"2025-09-20T08:24:55","date_gmt":"2025-09-20T08:24:55","guid":{"rendered":"https:\/\/1meister.ee\/?page_id=1299"},"modified":"2025-09-20T08:25:42","modified_gmt":"2025-09-20T08:25:42","slug":"praeahju-remont","status":"publish","type":"page","link":"https:\/\/1meister.ee\/et\/praeahju-remont\/","title":{"rendered":"Praeahju remont"},"content":{"rendered":"<p data-start=\"152\" data-end=\"289\">Kas praeahi ei kuumene, kuvab tundmatut veakoodi v\u00f5i ei t\u00f6\u00f6ta \u00fcldse? \u00dcksk\u00f5ik, milles probleem, meie kogenud tehnikud leiavad lahenduse.<\/p>\n<p data-start=\"291\" data-end=\"533\">Saatke meile p\u00e4ring v\u00f5i helistage \u2013 anname kiirelt hinnangu ja pakume parima lahenduse! Tavaliselt saame praeahju korda teie juures kodus. Kui probleem on keerulisem, siis viime seadme meie t\u00f6\u00f6kotta Sauel ning hoolitseme kiire remondi eest.<\/p>\n<p data-start=\"535\" data-end=\"658\">Tehnikute jaoks on tuttavad k\u00f5ik Eestis enamlevinud praeahjude br\u00e4ndid ning oleme alati avatud ka avastama uusi mudeleid.<\/p>\n<p data-start=\"660\" data-end=\"841\">Meil on koheselt laos olemas enamlevinud varuosad Electrolux, AEG, Whirlpool, Bosch, Siemens, Samsung, Beko praeahjudele. Remondi p\u00e4ringu v\u00f5ib saata mis tahes br\u00e4ndi seadme kohta.<\/p>\n<h5 data-start=\"848\" data-end=\"907\"><\/h5>\n<h5 data-start=\"848\" data-end=\"907\">Miks tellida praeahju remont just 1meister.ee lehelt?<\/h5>\n<p data-start=\"909\" data-end=\"1114\"><strong data-start=\"909\" data-end=\"948\">Ametlik Electroluxi hoolduspartner.<\/strong> 1meister on ametlik Electroluxi, AEG ja Zanussi kodumasinate hoolduspartner Tallinnas ja Harjumaal. Kasutame originaalvaruosi ja j\u00e4rgime tootja hooldusstandardeid.<\/p>\n<p data-start=\"1116\" data-end=\"1271\"><strong data-start=\"1116\" data-end=\"1151\">Kiire ja personaalne teenindus.<\/strong> Leiame aja esimesel v\u00f5imalusel, et teie praeahi taas t\u00f6\u00f6korda seada. Hindame t\u00e4psust, selgust ja s\u00f5bralikku suhtlust.<\/p>\n<p data-start=\"1273\" data-end=\"1413\"><strong data-start=\"1273\" data-end=\"1317\">Pikaaegne kogemus ja laialdased oskused.<\/strong> Tunneme h\u00e4sti k\u00f5iki Eestis levinud praeahjude br\u00e4nde ning oleme kursis ka uuemate mudelitega.<\/p>\n<p data-start=\"1415\" data-end=\"1566\"><strong data-start=\"1415\" data-end=\"1444\">Varuosad kohapeal olemas.<\/strong> K\u00f5ige sagedamini vajaminevad varuosad on meil koheselt kaasas, mis v\u00f5imaldab teha remondi \u00e4ra juba esimesel k\u00fclastusel.<\/p>\n<p data-start=\"1568\" data-end=\"1729\"><strong data-start=\"1568\" data-end=\"1607\">Aus tagasiside seadme seisukorrast.<\/strong> Kui remont ei ole enam m\u00f5istlik lahendus \u2013 n\u00e4iteks ahju vanuse v\u00f5i ulatuslike kulude t\u00f5ttu \u2013 anname sellest kohe teada.<\/p>\n<h5 data-start=\"1736\" data-end=\"1754\"><\/h5>\n<h5 data-start=\"1736\" data-end=\"1754\">Saada p\u00e4ring<\/h5>\n<p data-start=\"1756\" data-end=\"1883\">Kiirema teeninduse huvides lisage p\u00e4ringusse praeahju mudel ja vea kirjeldus \u2013 nii saame teile kohe pakkuda parima lahenduse.<\/p>\n<p data-start=\"1756\" data-end=\"1883\"><div class=\"wpforms-container \" id=\"wpforms-914\"><form id=\"wpforms-form-914\" class=\"wpforms-validate wpforms-form wpforms-ajax-form\" data-formid=\"914\" method=\"post\" enctype=\"multipart\/form-data\" action=\"\/et\/wp-json\/wp\/v2\/pages\/1299\" data-token=\"d5f09fc5a0724de26ba225fc0ffbc8e4\" data-token-time=\"1775513881\"><noscript class=\"wpforms-error-noscript\">Please enable JavaScript in your browser to complete this form.<\/noscript><div class=\"wpforms-field-container\"><div id=\"wpforms-914-field_0-container\" class=\"wpforms-field wpforms-field-name\" data-field-id=\"0\"><label class=\"wpforms-field-label\" for=\"wpforms-914-field_0\">Nimi <span class=\"wpforms-required-label\">*<\/span><\/label><input type=\"text\" id=\"wpforms-914-field_0\" class=\"wpforms-field-medium wpforms-field-required\" name=\"wpforms[fields][0]\" required><\/div><div id=\"wpforms-914-field_1-container\" class=\"wpforms-field wpforms-field-email\" data-field-id=\"1\"><label class=\"wpforms-field-label\" for=\"wpforms-914-field_1\">E-mail <span class=\"wpforms-required-label\">*<\/span><\/label><input type=\"email\" id=\"wpforms-914-field_1\" class=\"wpforms-field-medium wpforms-field-required\" name=\"wpforms[fields][1]\" spellcheck=\"false\" required><\/div><div id=\"wpforms-914-field_4-container\" class=\"wpforms-field wpforms-field-text\" data-field-id=\"4\"><label class=\"wpforms-field-label\" for=\"wpforms-914-field_4\">Telefon <span class=\"wpforms-required-label\">*<\/span><\/label><input type=\"text\" id=\"wpforms-914-field_4\" class=\"wpforms-field-medium wpforms-field-required\" name=\"wpforms[fields][4]\" required><\/div><div id=\"wpforms-914-field_8-container\" class=\"wpforms-field wpforms-field-text\" data-field-id=\"8\"><label class=\"wpforms-field-label\" for=\"wpforms-914-field_8\">Aadress (koduvisiidiks)<\/label><input type=\"text\" id=\"wpforms-914-field_8\" class=\"wpforms-field-medium\" name=\"wpforms[fields][8]\" ><\/div><div id=\"wpforms-914-field_2-container\" class=\"wpforms-field wpforms-field-textarea\" data-field-id=\"2\"><label class=\"wpforms-field-label\" for=\"wpforms-914-field_2\">S\u00f5num <span class=\"wpforms-required-label\">*<\/span><\/label><textarea id=\"wpforms-914-field_2\" class=\"wpforms-field-medium wpforms-field-required\" name=\"wpforms[fields][2]\" required><\/textarea><\/div><\/div><!-- .wpforms-field-container --><div class=\"wpforms-submit-container\" ><input type=\"hidden\" name=\"wpforms[id]\" value=\"914\"><input type=\"hidden\" name=\"page_title\" value=\"\"><input type=\"hidden\" name=\"page_url\" value=\"https:\/\/1meister.ee\/et\/wp-json\/wp\/v2\/pages\/1299\"><input type=\"hidden\" name=\"url_referer\" value=\"\"><button type=\"submit\" name=\"wpforms[submit]\" id=\"wpforms-submit-914\" class=\"wpforms-submit\" data-alt-text=\"Saadan...\" data-submit-text=\"Saada\" aria-live=\"assertive\" value=\"wpforms-submit\">Saada<\/button><img loading=\"lazy\" decoding=\"async\" src=\"https:\/\/1meister.ee\/wp-content\/plugins\/wpforms-lite\/assets\/images\/submit-spin.svg\" class=\"wpforms-submit-spinner\" style=\"display: none;\" width=\"26\" height=\"26\" alt=\"Loading\"><\/div><\/form><\/div>  <!-- .wpforms-container --><\/p>\n","protected":false},"excerpt":{"rendered":"<p>Kas praeahi ei kuumene, kuvab tundmatut veakoodi v\u00f5i ei t\u00f6\u00f6ta \u00fcldse? \u00dcksk\u00f5ik, milles probleem, meie kogenud tehnikud leiavad lahenduse. Saatke meile p\u00e4ring v\u00f5i helistage \u2013 anname kiirelt hinnangu ja pakume parima lahenduse! Tavaliselt saame praeahju korda teie juures kodus. Kui probleem on keerulisem, siis viime seadme meie t\u00f6\u00f6kotta Sauel ning hoolitseme kiire remondi eest. Tehnikute &hellip;<\/p>\n<p class=\"read-more\"> <a class=\"\" href=\"https:\/\/1meister.ee\/et\/praeahju-remont\/\"> <span class=\"screen-reader-text\">Praeahju remont<\/span> Read More &raquo;<\/a><\/p>\n","protected":false},"author":1,"featured_media":0,"parent":0,"menu_order":0,"comment_status":"closed","ping_status":"closed","template":"","meta":{"site-sidebar-layout":"default","site-content-layout":"","ast-site-content-layout":"default","site-content-style":"default","site-sidebar-style":"default","ast-global-header-display":"","ast-banner-title-visibility":"","ast-main-header-display":"","ast-hfb-above-header-display":"","ast-hfb-below-header-display":"","ast-hfb-mobile-header-display":"","site-post-title":"","ast-breadcrumbs-content":"","ast-featured-img":"","footer-sml-layout":"","theme-transparent-header-meta":"default","adv-header-id-meta":"","stick-header-meta":"","header-above-stick-meta":"","header-main-stick-meta":"","header-below-stick-meta":"","astra-migrate-meta-layouts":"set","footnotes":""},"class_list":["post-1299","page","type-page","status-publish","hentry"],"yoast_head":"<!-- This site is optimized with the Yoast SEO plugin v21.1 - https:\/\/yoast.com\/wordpress\/plugins\/seo\/ -->\n<title>Praeahju remont - 1meister.ee<\/title>\n<meta name=\"robots\" content=\"index, follow, max-snippet:-1, max-image-preview:large, max-video-preview:-1\" \/>\n<link rel=\"canonical\" href=\"https:\/\/1meister.ee\/et\/praeahju-remont\/\" \/>\n<meta property=\"og:locale\" content=\"et_EE\" \/>\n<meta property=\"og:type\" content=\"article\" \/>\n<meta property=\"og:title\" content=\"Praeahju remont - 1meister.ee\" \/>\n<meta property=\"og:description\" content=\"Kas praeahi ei kuumene, kuvab tundmatut veakoodi v\u00f5i ei t\u00f6\u00f6ta \u00fcldse? \u00dcksk\u00f5ik, milles probleem, meie kogenud tehnikud leiavad lahenduse. Saatke meile p\u00e4ring v\u00f5i helistage \u2013 anname kiirelt hinnangu ja pakume parima lahenduse! Tavaliselt saame praeahju korda teie juures kodus. Kui probleem on keerulisem, siis viime seadme meie t\u00f6\u00f6kotta Sauel ning hoolitseme kiire remondi eest. Tehnikute &hellip; Praeahju remont Read More &raquo;\" \/>\n<meta property=\"og:url\" content=\"https:\/\/1meister.ee\/et\/praeahju-remont\/\" \/>\n<meta property=\"og:site_name\" content=\"1meister.ee\" \/>\n<meta property=\"article:modified_time\" content=\"2025-09-20T08:25:42+00:00\" \/>\n<meta name=\"twitter:card\" content=\"summary_large_image\" \/>\n<meta name=\"twitter:label1\" content=\"Est. reading time\" \/>\n\t<meta name=\"twitter:data1\" content=\"2 minutit\" \/>\n<script type=\"application\/ld+json\" class=\"yoast-schema-graph\">{\"@context\":\"https:\/\/schema.org\",\"@graph\":[{\"@type\":\"WebPage\",\"@id\":\"https:\/\/1meister.ee\/en\/stove-repair\/\",\"url\":\"https:\/\/1meister.ee\/en\/stove-repair\/\",\"name\":\"Praeahju remont - 1meister.ee\",\"isPartOf\":{\"@id\":\"https:\/\/1meister.ee\/en\/#website\"},\"datePublished\":\"2025-09-20T08:24:55+00:00\",\"dateModified\":\"2025-09-20T08:25:42+00:00\",\"breadcrumb\":{\"@id\":\"https:\/\/1meister.ee\/en\/stove-repair\/#breadcrumb\"},\"inLanguage\":\"et\",\"potentialAction\":[{\"@type\":\"ReadAction\",\"target\":[\"https:\/\/1meister.ee\/en\/stove-repair\/\"]}]},{\"@type\":\"BreadcrumbList\",\"@id\":\"https:\/\/1meister.ee\/en\/stove-repair\/#breadcrumb\",\"itemListElement\":[{\"@type\":\"ListItem\",\"position\":1,\"name\":\"Home\",\"item\":\"https:\/\/1meister.ee\/en\/\"},{\"@type\":\"ListItem\",\"position\":2,\"name\":\"Praeahju remont\"}]},{\"@type\":\"WebSite\",\"@id\":\"https:\/\/1meister.ee\/en\/#website\",\"url\":\"https:\/\/1meister.ee\/en\/\",\"name\":\"1meister.ee\",\"description\":\"Kodumasinate remont\",\"publisher\":{\"@id\":\"https:\/\/1meister.ee\/en\/#organization\"},\"potentialAction\":[{\"@type\":\"SearchAction\",\"target\":{\"@type\":\"EntryPoint\",\"urlTemplate\":\"https:\/\/1meister.ee\/en\/?s={search_term_string}\"},\"query-input\":\"required name=search_term_string\"}],\"inLanguage\":\"et\"},{\"@type\":\"Organization\",\"@id\":\"https:\/\/1meister.ee\/en\/#organization\",\"name\":\"1meister.ee\",\"url\":\"https:\/\/1meister.ee\/en\/\",\"logo\":{\"@type\":\"ImageObject\",\"inLanguage\":\"et\",\"@id\":\"https:\/\/1meister.ee\/en\/#\/schema\/logo\/image\/\",\"url\":\"https:\/\/1meister.ee\/wp-content\/uploads\/2024\/03\/cropped-1meister-2.png\",\"contentUrl\":\"https:\/\/1meister.ee\/wp-content\/uploads\/2024\/03\/cropped-1meister-2.png\",\"width\":1079,\"height\":360,\"caption\":\"1meister.ee\"},\"image\":{\"@id\":\"https:\/\/1meister.ee\/en\/#\/schema\/logo\/image\/\"}}]}<\/script>\n<!-- \/ Yoast SEO plugin. -->","yoast_head_json":{"title":"Praeahju remont - 1meister.ee","robots":{"index":"index","follow":"follow","max-snippet":"max-snippet:-1","max-image-preview":"max-image-preview:large","max-video-preview":"max-video-preview:-1"},"canonical":"https:\/\/1meister.ee\/et\/praeahju-remont\/","og_locale":"et_EE","og_type":"article","og_title":"Praeahju remont - 1meister.ee","og_description":"Kas praeahi ei kuumene, kuvab tundmatut veakoodi v\u00f5i ei t\u00f6\u00f6ta \u00fcldse? \u00dcksk\u00f5ik, milles probleem, meie kogenud tehnikud leiavad lahenduse. Saatke meile p\u00e4ring v\u00f5i helistage \u2013 anname kiirelt hinnangu ja pakume parima lahenduse! Tavaliselt saame praeahju korda teie juures kodus. Kui probleem on keerulisem, siis viime seadme meie t\u00f6\u00f6kotta Sauel ning hoolitseme kiire remondi eest. Tehnikute &hellip; Praeahju remont Read More &raquo;","og_url":"https:\/\/1meister.ee\/et\/praeahju-remont\/","og_site_name":"1meister.ee","article_modified_time":"2025-09-20T08:25:42+00:00","twitter_card":"summary_large_image","twitter_misc":{"Est. reading time":"2 minutit"},"schema":{"@context":"https:\/\/schema.org","@graph":[{"@type":"WebPage","@id":"https:\/\/1meister.ee\/en\/stove-repair\/","url":"https:\/\/1meister.ee\/en\/stove-repair\/","name":"Praeahju remont - 1meister.ee","isPartOf":{"@id":"https:\/\/1meister.ee\/en\/#website"},"datePublished":"2025-09-20T08:24:55+00:00","dateModified":"2025-09-20T08:25:42+00:00","breadcrumb":{"@id":"https:\/\/1meister.ee\/en\/stove-repair\/#breadcrumb"},"inLanguage":"et","potentialAction":[{"@type":"ReadAction","target":["https:\/\/1meister.ee\/en\/stove-repair\/"]}]},{"@type":"BreadcrumbList","@id":"https:\/\/1meister.ee\/en\/stove-repair\/#breadcrumb","itemListElement":[{"@type":"ListItem","position":1,"name":"Home","item":"https:\/\/1meister.ee\/en\/"},{"@type":"ListItem","position":2,"name":"Praeahju remont"}]},{"@type":"WebSite","@id":"https:\/\/1meister.ee\/en\/#website","url":"https:\/\/1meister.ee\/en\/","name":"1meister.ee","description":"Kodumasinate remont","publisher":{"@id":"https:\/\/1meister.ee\/en\/#organization"},"potentialAction":[{"@type":"SearchAction","target":{"@type":"EntryPoint","urlTemplate":"https:\/\/1meister.ee\/en\/?s={search_term_string}"},"query-input":"required name=search_term_string"}],"inLanguage":"et"},{"@type":"Organization","@id":"https:\/\/1meister.ee\/en\/#organization","name":"1meister.ee","url":"https:\/\/1meister.ee\/en\/","logo":{"@type":"ImageObject","inLanguage":"et","@id":"https:\/\/1meister.ee\/en\/#\/schema\/logo\/image\/","url":"https:\/\/1meister.ee\/wp-content\/uploads\/2024\/03\/cropped-1meister-2.png","contentUrl":"https:\/\/1meister.ee\/wp-content\/uploads\/2024\/03\/cropped-1meister-2.png","width":1079,"height":360,"caption":"1meister.ee"},"image":{"@id":"https:\/\/1meister.ee\/en\/#\/schema\/logo\/image\/"}}]}},"_links":{"self":[{"href":"https:\/\/1meister.ee\/et\/wp-json\/wp\/v2\/pages\/1299","targetHints":{"allow":["GET"]}}],"collection":[{"href":"https:\/\/1meister.ee\/et\/wp-json\/wp\/v2\/pages"}],"about":[{"href":"https:\/\/1meister.ee\/et\/wp-json\/wp\/v2\/types\/page"}],"author":[{"embeddable":true,"href":"https:\/\/1meister.ee\/et\/wp-json\/wp\/v2\/users\/1"}],"replies":[{"embeddable":true,"href":"https:\/\/1meister.ee\/et\/wp-json\/wp\/v2\/comments?post=1299"}],"version-history":[{"count":2,"href":"https:\/\/1meister.ee\/et\/wp-json\/wp\/v2\/pages\/1299\/revisions"}],"predecessor-version":[{"id":1301,"href":"https:\/\/1meister.ee\/et\/wp-json\/wp\/v2\/pages\/1299\/revisions\/1301"}],"wp:attachment":[{"href":"https:\/\/1meister.ee\/et\/wp-json\/wp\/v2\/media?parent=1299"}],"curies":[{"name":"wp","href":"https:\/\/api.w.org\/{rel}","templated":true}]}}