{"id":1265,"date":"2025-09-13T11:26:30","date_gmt":"2025-09-13T11:26:30","guid":{"rendered":"https:\/\/1meister.ee\/?page_id=1265"},"modified":"2025-09-13T11:30:46","modified_gmt":"2025-09-13T11:30:46","slug":"remonditoode-keerukuse-tasemed","status":"publish","type":"page","link":"https:\/\/1meister.ee\/et\/remonditoode-keerukuse-tasemed\/","title":{"rendered":"Remondit\u00f6\u00f6de keerukuse tasemed"},"content":{"rendered":"<p data-start=\"483\" data-end=\"801\">Kodumasinate remont erineb nii t\u00f6\u00f6de mahult kui ka tehniliselt keerukuselt. Oleme t\u00f6\u00f6de iseloomu alusel loonud kolm kategooriat: <strong data-start=\"618\" data-end=\"658\">lihtne, keskmine ja keeruline remont<\/strong>. See jaotus aitab Teil hinnakirjas paremini orienteeruda ning m\u00f5ista, millisesse tasemesse Teie seadme probleem k\u00f5ige t\u00f5en\u00e4olisemalt kuulub.<\/p>\n<h6 data-start=\"808\" data-end=\"830\"><\/h6>\n<h6 data-start=\"808\" data-end=\"830\"><strong data-start=\"811\" data-end=\"828\">Lihtne remont<\/strong><\/h6>\n<p data-start=\"831\" data-end=\"978\">Lihtsa remondi alla kuuluvad t\u00f6\u00f6d, mis on v\u00e4hese mahuga ja eeldavad tavaliselt \u00fcksiku detaili vahetust v\u00f5i masinale tehtavat tavap\u00e4rast hooldust.<\/p>\n<p data-start=\"980\" data-end=\"993\"><strong data-start=\"980\" data-end=\"991\">N\u00e4ited:<\/strong><\/p>\n<ul>\n<li><span data-tt=\"{&quot;paragraphStyle&quot;:{&quot;alignment&quot;:4,&quot;style&quot;:100}}\">Luugi v\u00f5i ukse lukusti vahetamine<\/span><\/li>\n<li>Ummistuse eemaldamine<\/li>\n<li><span data-tt=\"{&quot;paragraphStyle&quot;:{&quot;alignment&quot;:4,&quot;style&quot;:100}}\">N\u00f5udepesumasina uksetihendi asendamine <\/span><\/li>\n<li><span data-tt=\"{&quot;paragraphStyle&quot;:{&quot;alignment&quot;:4,&quot;style&quot;:100}}\">K\u00e4epidemete ja nuppude vahetus <\/span><\/li>\n<li><span data-tt=\"{&quot;paragraphStyle&quot;:{&quot;alignment&quot;:4,&quot;style&quot;:100}}\">Filtrite, pritsimislabade v\u00f5i voolikute asendamine <\/span><\/li>\n<li><span data-tt=\"{&quot;paragraphStyle&quot;:{&quot;alignment&quot;:4,&quot;style&quot;:100}}\">Regulaarne hooldus ja puhastust\u00f6\u00f6d<\/span><\/li>\n<\/ul>\n<h6 data-start=\"1194\" data-end=\"1218\"><strong data-start=\"1197\" data-end=\"1216\">Keskmine remont<\/strong><\/h6>\n<p data-start=\"1219\" data-end=\"1396\">Keskmise remondi puhul on vajalik seadme osaline lahtiv\u00f5tmine. T\u00f6\u00f6 on tehniliselt keerukam ning enamasti seotud oluliste komponentide vahetuse v\u00f5i elektris\u00fcsteemi kontrolliga.<\/p>\n<p data-start=\"1398\" data-end=\"1411\"><strong data-start=\"1398\" data-end=\"1409\">N\u00e4ited:<\/strong><\/p>\n<ul>\n<li><span data-tt=\"{&quot;paragraphStyle&quot;:{&quot;alignment&quot;:4,&quot;style&quot;:100}}\">Amortisaatorite, rihmade v\u00f5i rihmarataste vahetamine <\/span><\/li>\n<li><span data-tt=\"{&quot;paragraphStyle&quot;:{&quot;alignment&quot;:4,&quot;style&quot;:100}}\">Vee sisselaske- ja v\u00e4ljalaskeosade remont (klapid, pumbad, voolikud) <\/span><\/li>\n<li><span data-tt=\"{&quot;paragraphStyle&quot;:{&quot;alignment&quot;:4,&quot;style&quot;:100}}\">K\u00fcttekehade v\u00f5i ventilaatorite asendamine <\/span><\/li>\n<li><span data-tt=\"{&quot;paragraphStyle&quot;:{&quot;alignment&quot;:4,&quot;style&quot;:100}}\">Juhtploki (mooduli) v\u00f5i andurite vahetamine <\/span><\/li>\n<li><span data-tt=\"{&quot;paragraphStyle&quot;:{&quot;alignment&quot;:4,&quot;style&quot;:100}}\">Pesumasina trumli tihendi (kaeluskummi) vahetus <\/span><\/li>\n<li><span data-tt=\"{&quot;paragraphStyle&quot;:{&quot;alignment&quot;:4,&quot;style&quot;:100}}\">Elektriskeemi ja juhtmete remont <\/span><\/li>\n<li><span data-tt=\"{&quot;paragraphStyle&quot;:{&quot;alignment&quot;:4,&quot;style&quot;:100}}\">Kuivati ventilatsiooni- v\u00f5i kondensaadis\u00fcsteemi puhastus <\/span><\/li>\n<li><span data-tt=\"{&quot;paragraphStyle&quot;:{&quot;alignment&quot;:4,&quot;style&quot;:100}}\">Pesumasina paagi puhastus katlakivist ja mustusest<\/span><\/li>\n<\/ul>\n<h6 data-start=\"1847\" data-end=\"1872\"><strong data-start=\"1850\" data-end=\"1870\">Keeruline remont<\/strong><\/h6>\n<p data-start=\"1873\" data-end=\"2050\">Keerulised t\u00f6\u00f6d n\u00f5uavad masina p\u00f5hjalikku lahtiv\u00f5tmist, spetsiaalseid t\u00f6\u00f6v\u00f5tteid ning m\u00e4rkimisv\u00e4\u00e4rset kogemust. Tavaliselt on tegemist suurema kulumise v\u00f5i p\u00f5hiosade riketega.<\/p>\n<p data-start=\"2052\" data-end=\"2065\"><strong data-start=\"2052\" data-end=\"2063\">N\u00e4ited:<\/strong><\/p>\n<ul>\n<li><span data-tt=\"{&quot;paragraphStyle&quot;:{&quot;alignment&quot;:4,&quot;style&quot;:100}}\">Pesumasina trumli laagrite v\u00f5i risti vahetamine <\/span><\/li>\n<li><span data-tt=\"{&quot;paragraphStyle&quot;:{&quot;alignment&quot;:4,&quot;style&quot;:100}}\">Pesumasina paagi t\u00e4ielik asendamine <\/span><\/li>\n<li><span data-tt=\"{&quot;paragraphStyle&quot;:{&quot;alignment&quot;:4,&quot;style&quot;:100}}\">N\u00f5udepesumasina mootori vahetamine v\u00f5i s\u00fcsteemi ulatuslik puhastus <\/span><\/li>\n<li><span data-tt=\"{&quot;paragraphStyle&quot;:{&quot;alignment&quot;:4,&quot;style&quot;:100}}\">Kuivati trumli laagrite, rullikute v\u00f5i tugede vahetamine <\/span><\/li>\n<li><span data-tt=\"{&quot;paragraphStyle&quot;:{&quot;alignment&quot;:4,&quot;style&quot;:100}}\">Pliidi ja ahju k\u00fcttekehade t\u00e4ielik vahetus v\u00f5i mitme l\u00fcliti\/keedupinna korraga asendamine<\/span><\/li>\n<\/ul>\n<h6 data-start=\"2390\" data-end=\"2402\">M\u00e4rkus<\/h6>\n<p data-start=\"2403\" data-end=\"2543\">Keerukusaste n\u00e4itab t\u00f6\u00f6de iseloomu ja ulatust. T\u00e4pne maksumus s\u00f5ltub alati konkreetse seadme seisukorrast ning kasutatavatest varuosadest.<\/p>\n","protected":false},"excerpt":{"rendered":"<p>Kodumasinate remont erineb nii t\u00f6\u00f6de mahult kui ka tehniliselt keerukuselt. Oleme t\u00f6\u00f6de iseloomu alusel loonud kolm kategooriat: lihtne, keskmine ja keeruline remont. See jaotus aitab Teil hinnakirjas paremini orienteeruda ning m\u00f5ista, millisesse tasemesse Teie seadme probleem k\u00f5ige t\u00f5en\u00e4olisemalt kuulub. Lihtne remont Lihtsa remondi alla kuuluvad t\u00f6\u00f6d, mis on v\u00e4hese mahuga ja eeldavad tavaliselt \u00fcksiku detaili &hellip;<\/p>\n<p class=\"read-more\"> <a class=\"\" href=\"https:\/\/1meister.ee\/et\/remonditoode-keerukuse-tasemed\/\"> <span class=\"screen-reader-text\">Remondit\u00f6\u00f6de keerukuse tasemed<\/span> Read More &raquo;<\/a><\/p>\n","protected":false},"author":1,"featured_media":0,"parent":0,"menu_order":0,"comment_status":"closed","ping_status":"closed","template":"","meta":{"site-sidebar-layout":"default","site-content-layout":"","ast-site-content-layout":"default","site-content-style":"default","site-sidebar-style":"default","ast-global-header-display":"","ast-banner-title-visibility":"","ast-main-header-display":"","ast-hfb-above-header-display":"","ast-hfb-below-header-display":"","ast-hfb-mobile-header-display":"","site-post-title":"","ast-breadcrumbs-content":"","ast-featured-img":"","footer-sml-layout":"","theme-transparent-header-meta":"default","adv-header-id-meta":"","stick-header-meta":"","header-above-stick-meta":"","header-main-stick-meta":"","header-below-stick-meta":"","astra-migrate-meta-layouts":"set","footnotes":""},"class_list":["post-1265","page","type-page","status-publish","hentry"],"yoast_head":"<!-- This site is optimized with the Yoast SEO plugin v21.1 - https:\/\/yoast.com\/wordpress\/plugins\/seo\/ -->\n<title>Remondit\u00f6\u00f6de keerukuse tasemed - 1meister.ee<\/title>\n<meta name=\"robots\" content=\"index, follow, max-snippet:-1, max-image-preview:large, max-video-preview:-1\" \/>\n<link rel=\"canonical\" href=\"https:\/\/1meister.ee\/et\/remonditoode-keerukuse-tasemed\/\" \/>\n<meta property=\"og:locale\" content=\"et_EE\" \/>\n<meta property=\"og:type\" content=\"article\" \/>\n<meta property=\"og:title\" content=\"Remondit\u00f6\u00f6de keerukuse tasemed - 1meister.ee\" \/>\n<meta property=\"og:description\" content=\"Kodumasinate remont erineb nii t\u00f6\u00f6de mahult kui ka tehniliselt keerukuselt. Oleme t\u00f6\u00f6de iseloomu alusel loonud kolm kategooriat: lihtne, keskmine ja keeruline remont. See jaotus aitab Teil hinnakirjas paremini orienteeruda ning m\u00f5ista, millisesse tasemesse Teie seadme probleem k\u00f5ige t\u00f5en\u00e4olisemalt kuulub. Lihtne remont Lihtsa remondi alla kuuluvad t\u00f6\u00f6d, mis on v\u00e4hese mahuga ja eeldavad tavaliselt \u00fcksiku detaili &hellip; Remondit\u00f6\u00f6de keerukuse tasemed Read More &raquo;\" \/>\n<meta property=\"og:url\" content=\"https:\/\/1meister.ee\/et\/remonditoode-keerukuse-tasemed\/\" \/>\n<meta property=\"og:site_name\" content=\"1meister.ee\" \/>\n<meta property=\"article:modified_time\" content=\"2025-09-13T11:30:46+00:00\" \/>\n<meta name=\"twitter:card\" content=\"summary_large_image\" \/>\n<meta name=\"twitter:label1\" content=\"Est. reading time\" \/>\n\t<meta name=\"twitter:data1\" content=\"2 minutit\" \/>\n<script type=\"application\/ld+json\" class=\"yoast-schema-graph\">{\"@context\":\"https:\/\/schema.org\",\"@graph\":[{\"@type\":\"WebPage\",\"@id\":\"https:\/\/1meister.ee\/et\/remonditoode-keerukuse-tasemed\/\",\"url\":\"https:\/\/1meister.ee\/et\/remonditoode-keerukuse-tasemed\/\",\"name\":\"Remondit\u00f6\u00f6de keerukuse tasemed - 1meister.ee\",\"isPartOf\":{\"@id\":\"https:\/\/1meister.ee\/en\/#website\"},\"datePublished\":\"2025-09-13T11:26:30+00:00\",\"dateModified\":\"2025-09-13T11:30:46+00:00\",\"breadcrumb\":{\"@id\":\"https:\/\/1meister.ee\/et\/remonditoode-keerukuse-tasemed\/#breadcrumb\"},\"inLanguage\":\"et\",\"potentialAction\":[{\"@type\":\"ReadAction\",\"target\":[\"https:\/\/1meister.ee\/et\/remonditoode-keerukuse-tasemed\/\"]}]},{\"@type\":\"BreadcrumbList\",\"@id\":\"https:\/\/1meister.ee\/et\/remonditoode-keerukuse-tasemed\/#breadcrumb\",\"itemListElement\":[{\"@type\":\"ListItem\",\"position\":1,\"name\":\"Home\",\"item\":\"https:\/\/1meister.ee\/en\/\"},{\"@type\":\"ListItem\",\"position\":2,\"name\":\"Remondit\u00f6\u00f6de keerukuse tasemed\"}]},{\"@type\":\"WebSite\",\"@id\":\"https:\/\/1meister.ee\/en\/#website\",\"url\":\"https:\/\/1meister.ee\/en\/\",\"name\":\"1meister.ee\",\"description\":\"Kodumasinate remont\",\"publisher\":{\"@id\":\"https:\/\/1meister.ee\/en\/#organization\"},\"potentialAction\":[{\"@type\":\"SearchAction\",\"target\":{\"@type\":\"EntryPoint\",\"urlTemplate\":\"https:\/\/1meister.ee\/en\/?s={search_term_string}\"},\"query-input\":\"required name=search_term_string\"}],\"inLanguage\":\"et\"},{\"@type\":\"Organization\",\"@id\":\"https:\/\/1meister.ee\/en\/#organization\",\"name\":\"1meister.ee\",\"url\":\"https:\/\/1meister.ee\/en\/\",\"logo\":{\"@type\":\"ImageObject\",\"inLanguage\":\"et\",\"@id\":\"https:\/\/1meister.ee\/en\/#\/schema\/logo\/image\/\",\"url\":\"https:\/\/1meister.ee\/wp-content\/uploads\/2024\/03\/cropped-1meister-2.png\",\"contentUrl\":\"https:\/\/1meister.ee\/wp-content\/uploads\/2024\/03\/cropped-1meister-2.png\",\"width\":1079,\"height\":360,\"caption\":\"1meister.ee\"},\"image\":{\"@id\":\"https:\/\/1meister.ee\/en\/#\/schema\/logo\/image\/\"}}]}<\/script>\n<!-- \/ Yoast SEO plugin. -->","yoast_head_json":{"title":"Remondit\u00f6\u00f6de keerukuse tasemed - 1meister.ee","robots":{"index":"index","follow":"follow","max-snippet":"max-snippet:-1","max-image-preview":"max-image-preview:large","max-video-preview":"max-video-preview:-1"},"canonical":"https:\/\/1meister.ee\/et\/remonditoode-keerukuse-tasemed\/","og_locale":"et_EE","og_type":"article","og_title":"Remondit\u00f6\u00f6de keerukuse tasemed - 1meister.ee","og_description":"Kodumasinate remont erineb nii t\u00f6\u00f6de mahult kui ka tehniliselt keerukuselt. Oleme t\u00f6\u00f6de iseloomu alusel loonud kolm kategooriat: lihtne, keskmine ja keeruline remont. See jaotus aitab Teil hinnakirjas paremini orienteeruda ning m\u00f5ista, millisesse tasemesse Teie seadme probleem k\u00f5ige t\u00f5en\u00e4olisemalt kuulub. Lihtne remont Lihtsa remondi alla kuuluvad t\u00f6\u00f6d, mis on v\u00e4hese mahuga ja eeldavad tavaliselt \u00fcksiku detaili &hellip; Remondit\u00f6\u00f6de keerukuse tasemed Read More &raquo;","og_url":"https:\/\/1meister.ee\/et\/remonditoode-keerukuse-tasemed\/","og_site_name":"1meister.ee","article_modified_time":"2025-09-13T11:30:46+00:00","twitter_card":"summary_large_image","twitter_misc":{"Est. reading time":"2 minutit"},"schema":{"@context":"https:\/\/schema.org","@graph":[{"@type":"WebPage","@id":"https:\/\/1meister.ee\/et\/remonditoode-keerukuse-tasemed\/","url":"https:\/\/1meister.ee\/et\/remonditoode-keerukuse-tasemed\/","name":"Remondit\u00f6\u00f6de keerukuse tasemed - 1meister.ee","isPartOf":{"@id":"https:\/\/1meister.ee\/en\/#website"},"datePublished":"2025-09-13T11:26:30+00:00","dateModified":"2025-09-13T11:30:46+00:00","breadcrumb":{"@id":"https:\/\/1meister.ee\/et\/remonditoode-keerukuse-tasemed\/#breadcrumb"},"inLanguage":"et","potentialAction":[{"@type":"ReadAction","target":["https:\/\/1meister.ee\/et\/remonditoode-keerukuse-tasemed\/"]}]},{"@type":"BreadcrumbList","@id":"https:\/\/1meister.ee\/et\/remonditoode-keerukuse-tasemed\/#breadcrumb","itemListElement":[{"@type":"ListItem","position":1,"name":"Home","item":"https:\/\/1meister.ee\/en\/"},{"@type":"ListItem","position":2,"name":"Remondit\u00f6\u00f6de keerukuse tasemed"}]},{"@type":"WebSite","@id":"https:\/\/1meister.ee\/en\/#website","url":"https:\/\/1meister.ee\/en\/","name":"1meister.ee","description":"Kodumasinate remont","publisher":{"@id":"https:\/\/1meister.ee\/en\/#organization"},"potentialAction":[{"@type":"SearchAction","target":{"@type":"EntryPoint","urlTemplate":"https:\/\/1meister.ee\/en\/?s={search_term_string}"},"query-input":"required name=search_term_string"}],"inLanguage":"et"},{"@type":"Organization","@id":"https:\/\/1meister.ee\/en\/#organization","name":"1meister.ee","url":"https:\/\/1meister.ee\/en\/","logo":{"@type":"ImageObject","inLanguage":"et","@id":"https:\/\/1meister.ee\/en\/#\/schema\/logo\/image\/","url":"https:\/\/1meister.ee\/wp-content\/uploads\/2024\/03\/cropped-1meister-2.png","contentUrl":"https:\/\/1meister.ee\/wp-content\/uploads\/2024\/03\/cropped-1meister-2.png","width":1079,"height":360,"caption":"1meister.ee"},"image":{"@id":"https:\/\/1meister.ee\/en\/#\/schema\/logo\/image\/"}}]}},"_links":{"self":[{"href":"https:\/\/1meister.ee\/et\/wp-json\/wp\/v2\/pages\/1265","targetHints":{"allow":["GET"]}}],"collection":[{"href":"https:\/\/1meister.ee\/et\/wp-json\/wp\/v2\/pages"}],"about":[{"href":"https:\/\/1meister.ee\/et\/wp-json\/wp\/v2\/types\/page"}],"author":[{"embeddable":true,"href":"https:\/\/1meister.ee\/et\/wp-json\/wp\/v2\/users\/1"}],"replies":[{"embeddable":true,"href":"https:\/\/1meister.ee\/et\/wp-json\/wp\/v2\/comments?post=1265"}],"version-history":[{"count":5,"href":"https:\/\/1meister.ee\/et\/wp-json\/wp\/v2\/pages\/1265\/revisions"}],"predecessor-version":[{"id":1273,"href":"https:\/\/1meister.ee\/et\/wp-json\/wp\/v2\/pages\/1265\/revisions\/1273"}],"wp:attachment":[{"href":"https:\/\/1meister.ee\/et\/wp-json\/wp\/v2\/media?parent=1265"}],"curies":[{"name":"wp","href":"https:\/\/api.w.org\/{rel}","templated":true}]}}