{"id":1221,"date":"2025-02-10T11:15:24","date_gmt":"2025-02-10T11:15:24","guid":{"rendered":"https:\/\/www.1meister.ee\/?page_id=1221"},"modified":"2025-09-13T11:39:46","modified_gmt":"2025-09-13T11:39:46","slug":"garantiitingimused","status":"publish","type":"page","link":"https:\/\/1meister.ee\/et\/garantiitingimused\/","title":{"rendered":"Garantiitingimused"},"content":{"rendered":"<h5>1MEISTER GARANTIITINGIMUSED<\/h5>\n<p>Viimati uuendatud: 22.03.2025<\/p>\n<h5>1. Garantii ulatus<\/h5>\n<p>1MEISTER annab 12 kuud\u00a0garantiid k\u00f5ikidele remonditud seadmetele ja paigaldatud varuosadele, v\u00e4lja arvatud eritingimustel tehtud t\u00f6\u00f6d (vt punkt 4).<\/p>\n<ul>\n<li>Garantii kehtib j\u00e4rgmistel juhtudel:<br \/>\nTehtud remont v\u00f5i asendatud varuosa lakkab t\u00f6\u00f6tamast normaalsel kasutamisel.<\/li>\n<li>Sama probleem ilmneb uuesti garantiiaja jooksul.<\/li>\n<\/ul>\n<p>Garantiit\u00f6\u00f6d tehakse tasuta, kui rike kuulub garantiitingimuste alla.<\/p>\n<hr \/>\n<h5>2. Garantii alla ei kuulu<\/h5>\n<ul>\n<li>Garantii ei kehti, kui:<br \/>\nSeadet on p\u00e4rast remonti kahjustatud v\u00f5i valesti kasutatud (sh paigaldatud eba\u00f5igesti).<\/li>\n<li>Probleem on p\u00f5hjustatud veetorustiku, elektris\u00fcsteemi v\u00f5i kanalisatsiooni rikkest (nt liiga madal\/k\u00f5rge pinge, ummistunud \u00e4ravool).<\/li>\n<li>Masin on saanud vee- v\u00f5i tulekahjustusi v\u00f5i muid v\u00e4liseid kahjustusi (nt mehaanilised vigastused).<\/li>\n<li>Seadet on avatud v\u00f5i parandatud ilma meie loata.<\/li>\n<li>Kliendi poolt paigaldatud v\u00f5i kolmandate isikute tehtud t\u00f6\u00f6 p\u00f5hjustab uue rikke.<\/li>\n<\/ul>\n<p><em>Kui tehnik tuvastab, et rike pole seotud varasema remondiga, rakendub tavap\u00e4rane diagnostikatasu.<\/em><\/p>\n<hr \/>\n<h5>3. Garantii n\u00f5udmise protsess<\/h5>\n<p>Kui tekib probleem, mis peaks garantiisse kuuluma:<\/p>\n<ol>\n<li>V\u00f5ta meiega \u00fchendust \u2013 helista \u00a0+372 5392 6675 v\u00f5i kirjuta \u00a0<a rel=\"noopener\">info@1meister.ee<\/a>.<\/li>\n<li>Kirjelda probleemi \u2013 mida seade teeb v\u00f5i ei tee, kas kuvatakse veakood jne.<\/li>\n<li>Teeme esmase hindamise \u2013 kui probleem kuulub garantii alla, korraldame uue k\u00fclastuse.<\/li>\n<li>Kui rike pole seotud varasema remondiga, kehtib tavap\u00e4rane v\u00e4ljakutse ja diagnostikatasu.<\/li>\n<\/ol>\n<hr \/>\n<h5>4. Eritingimustel tehtud t\u00f6\u00f6d (garantiita t\u00f6\u00f6d)<\/h5>\n<p>On teatud juhtumid, kus garantii ei kehti, isegi kui t\u00f6\u00f6 on tehtud meie poolt:<\/p>\n<ul>\n<li>Ajutised parandused \u2013 kui klient soovib ajutist lahendust, kuid on teadlik, et see ei pruugi olla p\u00fcsiv.<\/li>\n<li>V\u00e4ga vana seadme remont \u2013 kui seade on v\u00e4ga vana ja varuosad on piiratud k\u00e4ttesaadavusega, v\u00f5ib remont olla riskantne ning me ei saa garantiid anda.<\/li>\n<li>Kliendi soovil paigaldatud kasutatud varuosad.<\/li>\n<\/ul>\n<p><em>Sellistel juhtudel informeerime klienti enne t\u00f6\u00f6 tegemist ja anname otsuse tegemiseks v\u00f5imaluse.<\/em><\/p>\n<hr \/>\n<h5>5. T\u00e4iendavad tingimused<\/h5>\n<ul>\n<li>Garantii katab ainult remonditud osa ja t\u00f6\u00f6, mitte kogu seadet.<\/li>\n<li>Garantii korras tehtud t\u00f6\u00f6 on tasuta, kuid kui tehnik tuvastab, et probleem pole seotud varasema remondiga, kehtib tavap\u00e4rane v\u00e4ljakutse ja diagnostikatasu.<\/li>\n<li>Kui klient ei ole rahul remondit\u00f6\u00f6ga, on ta kohustatud sellest teada andma 7 p\u00e4eva jooksul p\u00e4rast t\u00f6\u00f6 valmimist.<\/li>\n<li>1MEISTER ei vastuta andmekadude, kaudsete kahjude v\u00f5i v\u00f5imalike majanduslike kahjude eest, mis v\u00f5ivad tekkida seadme rikke t\u00f5ttu.<\/li>\n<\/ul>\n<hr \/>\n<h5>6. Vaidluste lahendamine<\/h5>\n<ul>\n<li>1MEISTER tegutseb vastavalt Eesti tarbijakaitseseadusele ja v\u00f5la\u00f5igusseadusele.<\/li>\n<li>Kui kliendil tekib garantiiga seotud vaidlus, p\u00fc\u00fcame selle lahendada l\u00e4bir\u00e4\u00e4kimiste teel.<\/li>\n<li>Kui kokkulepet ei saavutata, kuulub vaidlus lahendamisele vastavalt Eesti Vabariigi seadustele.<\/li>\n<li>Kliendil on \u00f5igus p\u00f6\u00f6rduda Tarbijakaitse ja Tehnilise J\u00e4relevalve Ameti v\u00f5i kohtu poole.<\/li>\n<\/ul>\n<hr \/>\n<p>K\u00fcsimuste tekkimisel helistage +372 5392 6675 v\u00f5i kirjutage <a rel=\"noopener\">info@1meister.ee<\/a><\/p>\n","protected":false},"excerpt":{"rendered":"<p>1MEISTER GARANTIITINGIMUSED Viimati uuendatud: 22.03.2025 1. Garantii ulatus 1MEISTER annab 12 kuud\u00a0garantiid k\u00f5ikidele remonditud seadmetele ja paigaldatud varuosadele, v\u00e4lja arvatud eritingimustel tehtud t\u00f6\u00f6d (vt punkt 4). Garantii kehtib j\u00e4rgmistel juhtudel: Tehtud remont v\u00f5i asendatud varuosa lakkab t\u00f6\u00f6tamast normaalsel kasutamisel. Sama probleem ilmneb uuesti garantiiaja jooksul. Garantiit\u00f6\u00f6d tehakse tasuta, kui rike kuulub garantiitingimuste alla. 2. Garantii &hellip;<\/p>\n<p class=\"read-more\"> <a class=\"\" href=\"https:\/\/1meister.ee\/et\/garantiitingimused\/\"> <span class=\"screen-reader-text\">Garantiitingimused<\/span> Read More &raquo;<\/a><\/p>\n","protected":false},"author":1,"featured_media":0,"parent":0,"menu_order":0,"comment_status":"closed","ping_status":"closed","template":"","meta":{"site-sidebar-layout":"default","site-content-layout":"","ast-site-content-layout":"default","site-content-style":"default","site-sidebar-style":"default","ast-global-header-display":"","ast-banner-title-visibility":"","ast-main-header-display":"","ast-hfb-above-header-display":"","ast-hfb-below-header-display":"","ast-hfb-mobile-header-display":"","site-post-title":"","ast-breadcrumbs-content":"","ast-featured-img":"","footer-sml-layout":"","theme-transparent-header-meta":"default","adv-header-id-meta":"","stick-header-meta":"","header-above-stick-meta":"","header-main-stick-meta":"","header-below-stick-meta":"","astra-migrate-meta-layouts":"set","footnotes":""},"class_list":["post-1221","page","type-page","status-publish","hentry"],"yoast_head":"<!-- This site is optimized with the Yoast SEO plugin v21.1 - https:\/\/yoast.com\/wordpress\/plugins\/seo\/ -->\n<title>Garantiitingimused - 1meister.ee<\/title>\n<meta name=\"robots\" content=\"index, follow, max-snippet:-1, max-image-preview:large, max-video-preview:-1\" \/>\n<link rel=\"canonical\" href=\"https:\/\/1meister.ee\/et\/garantiitingimused\/\" \/>\n<meta property=\"og:locale\" content=\"et_EE\" \/>\n<meta property=\"og:type\" content=\"article\" \/>\n<meta property=\"og:title\" content=\"Garantiitingimused - 1meister.ee\" \/>\n<meta property=\"og:description\" content=\"1MEISTER GARANTIITINGIMUSED Viimati uuendatud: 22.03.2025 1. Garantii ulatus 1MEISTER annab 12 kuud\u00a0garantiid k\u00f5ikidele remonditud seadmetele ja paigaldatud varuosadele, v\u00e4lja arvatud eritingimustel tehtud t\u00f6\u00f6d (vt punkt 4). Garantii kehtib j\u00e4rgmistel juhtudel: Tehtud remont v\u00f5i asendatud varuosa lakkab t\u00f6\u00f6tamast normaalsel kasutamisel. Sama probleem ilmneb uuesti garantiiaja jooksul. Garantiit\u00f6\u00f6d tehakse tasuta, kui rike kuulub garantiitingimuste alla. 2. Garantii &hellip; Garantiitingimused Read More &raquo;\" \/>\n<meta property=\"og:url\" content=\"https:\/\/1meister.ee\/et\/garantiitingimused\/\" \/>\n<meta property=\"og:site_name\" content=\"1meister.ee\" \/>\n<meta property=\"article:modified_time\" content=\"2025-09-13T11:39:46+00:00\" \/>\n<meta name=\"twitter:card\" content=\"summary_large_image\" \/>\n<meta name=\"twitter:label1\" content=\"Est. reading time\" \/>\n\t<meta name=\"twitter:data1\" content=\"3 minutit\" \/>\n<script type=\"application\/ld+json\" class=\"yoast-schema-graph\">{\"@context\":\"https:\/\/schema.org\",\"@graph\":[{\"@type\":\"WebPage\",\"@id\":\"https:\/\/1meister.ee\/et\/garantiitingimused\/\",\"url\":\"https:\/\/1meister.ee\/et\/garantiitingimused\/\",\"name\":\"Garantiitingimused - 1meister.ee\",\"isPartOf\":{\"@id\":\"https:\/\/1meister.ee\/en\/#website\"},\"datePublished\":\"2025-02-10T11:15:24+00:00\",\"dateModified\":\"2025-09-13T11:39:46+00:00\",\"breadcrumb\":{\"@id\":\"https:\/\/1meister.ee\/et\/garantiitingimused\/#breadcrumb\"},\"inLanguage\":\"et\",\"potentialAction\":[{\"@type\":\"ReadAction\",\"target\":[\"https:\/\/1meister.ee\/et\/garantiitingimused\/\"]}]},{\"@type\":\"BreadcrumbList\",\"@id\":\"https:\/\/1meister.ee\/et\/garantiitingimused\/#breadcrumb\",\"itemListElement\":[{\"@type\":\"ListItem\",\"position\":1,\"name\":\"Home\",\"item\":\"https:\/\/1meister.ee\/en\/\"},{\"@type\":\"ListItem\",\"position\":2,\"name\":\"Garantiitingimused\"}]},{\"@type\":\"WebSite\",\"@id\":\"https:\/\/1meister.ee\/en\/#website\",\"url\":\"https:\/\/1meister.ee\/en\/\",\"name\":\"1meister.ee\",\"description\":\"Kodumasinate remont\",\"publisher\":{\"@id\":\"https:\/\/1meister.ee\/en\/#organization\"},\"potentialAction\":[{\"@type\":\"SearchAction\",\"target\":{\"@type\":\"EntryPoint\",\"urlTemplate\":\"https:\/\/1meister.ee\/en\/?s={search_term_string}\"},\"query-input\":\"required name=search_term_string\"}],\"inLanguage\":\"et\"},{\"@type\":\"Organization\",\"@id\":\"https:\/\/1meister.ee\/en\/#organization\",\"name\":\"1meister.ee\",\"url\":\"https:\/\/1meister.ee\/en\/\",\"logo\":{\"@type\":\"ImageObject\",\"inLanguage\":\"et\",\"@id\":\"https:\/\/1meister.ee\/en\/#\/schema\/logo\/image\/\",\"url\":\"https:\/\/1meister.ee\/wp-content\/uploads\/2024\/03\/cropped-1meister-2.png\",\"contentUrl\":\"https:\/\/1meister.ee\/wp-content\/uploads\/2024\/03\/cropped-1meister-2.png\",\"width\":1079,\"height\":360,\"caption\":\"1meister.ee\"},\"image\":{\"@id\":\"https:\/\/1meister.ee\/en\/#\/schema\/logo\/image\/\"}}]}<\/script>\n<!-- \/ Yoast SEO plugin. -->","yoast_head_json":{"title":"Garantiitingimused - 1meister.ee","robots":{"index":"index","follow":"follow","max-snippet":"max-snippet:-1","max-image-preview":"max-image-preview:large","max-video-preview":"max-video-preview:-1"},"canonical":"https:\/\/1meister.ee\/et\/garantiitingimused\/","og_locale":"et_EE","og_type":"article","og_title":"Garantiitingimused - 1meister.ee","og_description":"1MEISTER GARANTIITINGIMUSED Viimati uuendatud: 22.03.2025 1. Garantii ulatus 1MEISTER annab 12 kuud\u00a0garantiid k\u00f5ikidele remonditud seadmetele ja paigaldatud varuosadele, v\u00e4lja arvatud eritingimustel tehtud t\u00f6\u00f6d (vt punkt 4). Garantii kehtib j\u00e4rgmistel juhtudel: Tehtud remont v\u00f5i asendatud varuosa lakkab t\u00f6\u00f6tamast normaalsel kasutamisel. Sama probleem ilmneb uuesti garantiiaja jooksul. Garantiit\u00f6\u00f6d tehakse tasuta, kui rike kuulub garantiitingimuste alla. 2. Garantii &hellip; Garantiitingimused Read More &raquo;","og_url":"https:\/\/1meister.ee\/et\/garantiitingimused\/","og_site_name":"1meister.ee","article_modified_time":"2025-09-13T11:39:46+00:00","twitter_card":"summary_large_image","twitter_misc":{"Est. reading time":"3 minutit"},"schema":{"@context":"https:\/\/schema.org","@graph":[{"@type":"WebPage","@id":"https:\/\/1meister.ee\/et\/garantiitingimused\/","url":"https:\/\/1meister.ee\/et\/garantiitingimused\/","name":"Garantiitingimused - 1meister.ee","isPartOf":{"@id":"https:\/\/1meister.ee\/en\/#website"},"datePublished":"2025-02-10T11:15:24+00:00","dateModified":"2025-09-13T11:39:46+00:00","breadcrumb":{"@id":"https:\/\/1meister.ee\/et\/garantiitingimused\/#breadcrumb"},"inLanguage":"et","potentialAction":[{"@type":"ReadAction","target":["https:\/\/1meister.ee\/et\/garantiitingimused\/"]}]},{"@type":"BreadcrumbList","@id":"https:\/\/1meister.ee\/et\/garantiitingimused\/#breadcrumb","itemListElement":[{"@type":"ListItem","position":1,"name":"Home","item":"https:\/\/1meister.ee\/en\/"},{"@type":"ListItem","position":2,"name":"Garantiitingimused"}]},{"@type":"WebSite","@id":"https:\/\/1meister.ee\/en\/#website","url":"https:\/\/1meister.ee\/en\/","name":"1meister.ee","description":"Kodumasinate remont","publisher":{"@id":"https:\/\/1meister.ee\/en\/#organization"},"potentialAction":[{"@type":"SearchAction","target":{"@type":"EntryPoint","urlTemplate":"https:\/\/1meister.ee\/en\/?s={search_term_string}"},"query-input":"required name=search_term_string"}],"inLanguage":"et"},{"@type":"Organization","@id":"https:\/\/1meister.ee\/en\/#organization","name":"1meister.ee","url":"https:\/\/1meister.ee\/en\/","logo":{"@type":"ImageObject","inLanguage":"et","@id":"https:\/\/1meister.ee\/en\/#\/schema\/logo\/image\/","url":"https:\/\/1meister.ee\/wp-content\/uploads\/2024\/03\/cropped-1meister-2.png","contentUrl":"https:\/\/1meister.ee\/wp-content\/uploads\/2024\/03\/cropped-1meister-2.png","width":1079,"height":360,"caption":"1meister.ee"},"image":{"@id":"https:\/\/1meister.ee\/en\/#\/schema\/logo\/image\/"}}]}},"_links":{"self":[{"href":"https:\/\/1meister.ee\/et\/wp-json\/wp\/v2\/pages\/1221","targetHints":{"allow":["GET"]}}],"collection":[{"href":"https:\/\/1meister.ee\/et\/wp-json\/wp\/v2\/pages"}],"about":[{"href":"https:\/\/1meister.ee\/et\/wp-json\/wp\/v2\/types\/page"}],"author":[{"embeddable":true,"href":"https:\/\/1meister.ee\/et\/wp-json\/wp\/v2\/users\/1"}],"replies":[{"embeddable":true,"href":"https:\/\/1meister.ee\/et\/wp-json\/wp\/v2\/comments?post=1221"}],"version-history":[{"count":4,"href":"https:\/\/1meister.ee\/et\/wp-json\/wp\/v2\/pages\/1221\/revisions"}],"predecessor-version":[{"id":1276,"href":"https:\/\/1meister.ee\/et\/wp-json\/wp\/v2\/pages\/1221\/revisions\/1276"}],"wp:attachment":[{"href":"https:\/\/1meister.ee\/et\/wp-json\/wp\/v2\/media?parent=1221"}],"curies":[{"name":"wp","href":"https:\/\/api.w.org\/{rel}","templated":true}]}}