{"id":1073,"date":"2024-01-28T08:56:48","date_gmt":"2024-01-28T08:56:48","guid":{"rendered":"https:\/\/www.1meister.ee\/?page_id=1073"},"modified":"2026-01-17T07:13:14","modified_gmt":"2026-01-17T07:13:14","slug":"hinnakiri","status":"publish","type":"page","link":"https:\/\/1meister.ee\/et\/hinnakiri\/","title":{"rendered":"Hinnakiri"},"content":{"rendered":"<h5>Hinnakiri<\/h5>\n<p>Meie hinnakiri on l\u00e4bipaistev ja jagatud kolme kategooriasse \u2013 v\u00e4ikeparandus, keskmine ja suur remont. Hinnad s\u00f5ltuvad t\u00f6\u00f6 iseloomust, kuid anname alati enne t\u00f6\u00f6 alustamist selge \u00fclevaate maksumusest, et v\u00e4listada ebameeldivad \u00fcllatused. K\u00f5ik t\u00f6\u00f6d tehakse vastavalt tootja n\u00f5uetele, kvaliteetsete varuosadega ning kehtiva garantiiga.<\/p>\n<table dir=\"ltr\" border=\"1\" cellspacing=\"0\" cellpadding=\"0\" data-sheets-root=\"1\" data-sheets-baot=\"1\">\n<colgroup>\n<col width=\"1333\" \/>\n<col width=\"100\" \/><\/colgroup>\n<tbody>\n<tr>\n<td><strong>Teenus<\/strong><\/td>\n<td><strong>Hind<\/strong><\/td>\n<\/tr>\n<tr>\n<td>V\u00e4ljakutse Tallinnas ja l\u00e4hi\u00fcmbruses**<\/td>\n<td>35\u20ac<\/td>\n<\/tr>\n<tr>\n<td>V\u00e4ljakutse (korduv)<\/td>\n<td>25\u20ac<\/td>\n<\/tr>\n<tr>\n<td>Defekteerimine (kodus ja t\u00f6\u00f6kojas)<\/td>\n<td>40\u20ac<\/td>\n<\/tr>\n<tr>\n<td>V\u00e4ikeparandus*. Nt luugi lukud, ummistused, muud pisit\u00f6\u00f6d.<\/td>\n<td>30\u20ac<\/td>\n<\/tr>\n<tr>\n<td>Keskmise keerukusega remont*. Kui masin ei v\u00f5ta vett, ei pese korralikult v\u00f5i ei t\u00fchjene; tavaliselt seotud pumpade, andurite v\u00f5i juhtplokiga.<\/td>\n<td>50\u20ac<\/td>\n<\/tr>\n<tr>\n<td>Keeruline remont*. T\u00f6\u00f6mahukad rikked (nt laagrid, mootor, elektroonika).<\/td>\n<td>80\u20ac<\/td>\n<\/tr>\n<tr>\n<td>Integreeritava seadme eemaldamine ja tagasi paigaldamine<\/td>\n<td>30\u20ac<\/td>\n<\/tr>\n<tr>\n<td>Seadme transport t\u00f6\u00f6kotta<\/td>\n<td>15\u20ac<\/td>\n<\/tr>\n<tr>\n<td>Seadme transport tagasi kliendile<\/td>\n<td>15\u20ac<\/td>\n<\/tr>\n<tr>\n<td>Uue integreeritava n\u00f5udepesumasina paigaldus<\/td>\n<td>60\u20ac<\/td>\n<\/tr>\n<tr>\n<td>Uue pesumasina paigaldus<\/td>\n<td>40\u20ac<\/td>\n<\/tr>\n<tr>\n<td>Asendus pesumasina\/n\u00f5udepesumasina rent 14 p\u00e4eva<\/td>\n<td>25\u20ac<\/td>\n<\/tr>\n<tr>\n<td>Seadme utiliseerimine (juhul, kui otsustate, et remont ei ole m\u00f5istlik)<\/td>\n<td>25\u20ac<\/td>\n<\/tr>\n<tr>\n<td>Akti koostamine kindlustusele<\/td>\n<td>25\u20ac<\/td>\n<\/tr>\n<\/tbody>\n<\/table>\n<p><span style=\"font-size: 16px;\">* Remondi hinnale lisandub vajalike varuosade hind.<\/span><\/p>\n<div>\n<div>**\u00a0 \u00a0Tallinna \u00a0l\u00e4hi\u00fcmbruse alla kuuluvad Tallinna piirist kuni 15 km kaugusel asuvad objektid. Kaugemate objektide puhul rakendub kilomeetri lisatasu 0.61\u20ac\/km (edasi-tagasi).<\/div>\n<div><\/div>\n<div><\/div>\n<\/div>\n<ul>\n<li>Defekteerimise k\u00e4igus selgitab meister v\u00e4lja masina remondiks vajalikud t\u00f6\u00f6d ning teeb remondi pakkumise kliendile.<\/li>\n<li>Remontt\u00f6\u00f6de kategooriate (lihtne, keskmine, keeruline) t\u00e4hendus on t\u00e4psemalt kirjeldatud <strong><a href=\"https:\/\/1meister.ee\/remonditoode-keerukuse-tasemed\/\">siin<\/a><\/strong>.<\/li>\n<li>Tehtud t\u00f6\u00f6dele kehtib garantii. Tutvu garantiitingimustega <a style=\"font-size: 16px; background-color: #ffffff;\" href=\"https:\/\/1meister.ee\/garantiitingimused\/\"><strong>siin<\/strong>.<\/a><\/li>\n<li><span style=\"font-size: 16px;\">1meister j\u00e4tab endale \u00f5iguse hindu muuta vastavalt seadme asukohale ja t\u00f6\u00f6 keerukusele.<\/span><\/li>\n<li>T\u00f6\u00f6 eest on v\u00f5imalik tasuda sularahas, <strong style=\"font-size: 16px;\">pangakaardiga<\/strong><span style=\"font-size: 16px;\"> v\u00f5i \u00fclekandega arve alusel. V\u00f5imalik v\u00e4ljastada ka e-arve.<\/span><\/li>\n<\/ul>\n<div><\/div>\n<div>Hinnad sisaldavad k\u00e4ibemaksu 24%.<\/div>\n<div>\n<div><\/div>\n<\/div>\n<p>Hinnakiri kehtib alates 17.01.2026.<\/p>\n","protected":false},"excerpt":{"rendered":"<p>Hinnakiri Meie hinnakiri on l\u00e4bipaistev ja jagatud kolme kategooriasse \u2013 v\u00e4ikeparandus, keskmine ja suur remont. Hinnad s\u00f5ltuvad t\u00f6\u00f6 iseloomust, kuid anname alati enne t\u00f6\u00f6 alustamist selge \u00fclevaate maksumusest, et v\u00e4listada ebameeldivad \u00fcllatused. K\u00f5ik t\u00f6\u00f6d tehakse vastavalt tootja n\u00f5uetele, kvaliteetsete varuosadega ning kehtiva garantiiga. Teenus Hind V\u00e4ljakutse Tallinnas ja l\u00e4hi\u00fcmbruses** 35\u20ac V\u00e4ljakutse (korduv) 25\u20ac Defekteerimine (kodus &hellip;<\/p>\n<p class=\"read-more\"> <a class=\"\" href=\"https:\/\/1meister.ee\/et\/hinnakiri\/\"> <span class=\"screen-reader-text\">Hinnakiri<\/span> Read More &raquo;<\/a><\/p>\n","protected":false},"author":1,"featured_media":0,"parent":0,"menu_order":0,"comment_status":"closed","ping_status":"closed","template":"","meta":{"site-sidebar-layout":"no-sidebar","site-content-layout":"page-builder","ast-site-content-layout":"normal-width-container","site-content-style":"default","site-sidebar-style":"default","ast-global-header-display":"","ast-banner-title-visibility":"","ast-main-header-display":"","ast-hfb-above-header-display":"","ast-hfb-below-header-display":"","ast-hfb-mobile-header-display":"","site-post-title":"disabled","ast-breadcrumbs-content":"","ast-featured-img":"disabled","footer-sml-layout":"","theme-transparent-header-meta":"default","adv-header-id-meta":"","stick-header-meta":"","header-above-stick-meta":"","header-main-stick-meta":"","header-below-stick-meta":"","astra-migrate-meta-layouts":"set","footnotes":""},"class_list":["post-1073","page","type-page","status-publish","hentry"],"yoast_head":"<!-- This site is optimized with the Yoast SEO plugin v21.1 - https:\/\/yoast.com\/wordpress\/plugins\/seo\/ -->\n<title>Hinnakiri - 1meister.ee<\/title>\n<meta name=\"robots\" content=\"index, follow, max-snippet:-1, max-image-preview:large, max-video-preview:-1\" \/>\n<link rel=\"canonical\" href=\"https:\/\/www.1meister.ee\/et\/hinnakiri\/\" \/>\n<meta property=\"og:locale\" content=\"et_EE\" \/>\n<meta property=\"og:type\" content=\"article\" \/>\n<meta property=\"og:title\" content=\"Hinnakiri - 1meister.ee\" \/>\n<meta property=\"og:description\" content=\"Hinnakiri Meie hinnakiri on l\u00e4bipaistev ja jagatud kolme kategooriasse \u2013 v\u00e4ikeparandus, keskmine ja suur remont. Hinnad s\u00f5ltuvad t\u00f6\u00f6 iseloomust, kuid anname alati enne t\u00f6\u00f6 alustamist selge \u00fclevaate maksumusest, et v\u00e4listada ebameeldivad \u00fcllatused. K\u00f5ik t\u00f6\u00f6d tehakse vastavalt tootja n\u00f5uetele, kvaliteetsete varuosadega ning kehtiva garantiiga. Teenus Hind V\u00e4ljakutse Tallinnas ja l\u00e4hi\u00fcmbruses** 35\u20ac V\u00e4ljakutse (korduv) 25\u20ac Defekteerimine (kodus &hellip; Hinnakiri Read More &raquo;\" \/>\n<meta property=\"og:url\" content=\"https:\/\/www.1meister.ee\/et\/hinnakiri\/\" \/>\n<meta property=\"og:site_name\" content=\"1meister.ee\" \/>\n<meta property=\"article:modified_time\" content=\"2026-01-17T07:13:14+00:00\" \/>\n<meta name=\"twitter:card\" content=\"summary_large_image\" \/>\n<meta name=\"twitter:label1\" content=\"Est. reading time\" \/>\n\t<meta name=\"twitter:data1\" content=\"2 minutit\" \/>\n<script type=\"application\/ld+json\" class=\"yoast-schema-graph\">{\"@context\":\"https:\/\/schema.org\",\"@graph\":[{\"@type\":\"WebPage\",\"@id\":\"https:\/\/www.1meister.ee\/et\/hinnakiri\/\",\"url\":\"https:\/\/www.1meister.ee\/et\/hinnakiri\/\",\"name\":\"Hinnakiri - 1meister.ee\",\"isPartOf\":{\"@id\":\"https:\/\/1meister.ee\/en\/#website\"},\"datePublished\":\"2024-01-28T08:56:48+00:00\",\"dateModified\":\"2026-01-17T07:13:14+00:00\",\"breadcrumb\":{\"@id\":\"https:\/\/www.1meister.ee\/et\/hinnakiri\/#breadcrumb\"},\"inLanguage\":\"et\",\"potentialAction\":[{\"@type\":\"ReadAction\",\"target\":[\"https:\/\/www.1meister.ee\/et\/hinnakiri\/\"]}]},{\"@type\":\"BreadcrumbList\",\"@id\":\"https:\/\/www.1meister.ee\/et\/hinnakiri\/#breadcrumb\",\"itemListElement\":[{\"@type\":\"ListItem\",\"position\":1,\"name\":\"Home\",\"item\":\"https:\/\/1meister.ee\/en\/\"},{\"@type\":\"ListItem\",\"position\":2,\"name\":\"Hinnakiri\"}]},{\"@type\":\"WebSite\",\"@id\":\"https:\/\/1meister.ee\/en\/#website\",\"url\":\"https:\/\/1meister.ee\/en\/\",\"name\":\"1meister.ee\",\"description\":\"Kodumasinate remont\",\"publisher\":{\"@id\":\"https:\/\/1meister.ee\/en\/#organization\"},\"potentialAction\":[{\"@type\":\"SearchAction\",\"target\":{\"@type\":\"EntryPoint\",\"urlTemplate\":\"https:\/\/1meister.ee\/en\/?s={search_term_string}\"},\"query-input\":\"required name=search_term_string\"}],\"inLanguage\":\"et\"},{\"@type\":\"Organization\",\"@id\":\"https:\/\/1meister.ee\/en\/#organization\",\"name\":\"1meister.ee\",\"url\":\"https:\/\/1meister.ee\/en\/\",\"logo\":{\"@type\":\"ImageObject\",\"inLanguage\":\"et\",\"@id\":\"https:\/\/1meister.ee\/en\/#\/schema\/logo\/image\/\",\"url\":\"https:\/\/1meister.ee\/wp-content\/uploads\/2024\/03\/cropped-1meister-2.png\",\"contentUrl\":\"https:\/\/1meister.ee\/wp-content\/uploads\/2024\/03\/cropped-1meister-2.png\",\"width\":1079,\"height\":360,\"caption\":\"1meister.ee\"},\"image\":{\"@id\":\"https:\/\/1meister.ee\/en\/#\/schema\/logo\/image\/\"}}]}<\/script>\n<!-- \/ Yoast SEO plugin. -->","yoast_head_json":{"title":"Hinnakiri - 1meister.ee","robots":{"index":"index","follow":"follow","max-snippet":"max-snippet:-1","max-image-preview":"max-image-preview:large","max-video-preview":"max-video-preview:-1"},"canonical":"https:\/\/www.1meister.ee\/et\/hinnakiri\/","og_locale":"et_EE","og_type":"article","og_title":"Hinnakiri - 1meister.ee","og_description":"Hinnakiri Meie hinnakiri on l\u00e4bipaistev ja jagatud kolme kategooriasse \u2013 v\u00e4ikeparandus, keskmine ja suur remont. Hinnad s\u00f5ltuvad t\u00f6\u00f6 iseloomust, kuid anname alati enne t\u00f6\u00f6 alustamist selge \u00fclevaate maksumusest, et v\u00e4listada ebameeldivad \u00fcllatused. K\u00f5ik t\u00f6\u00f6d tehakse vastavalt tootja n\u00f5uetele, kvaliteetsete varuosadega ning kehtiva garantiiga. Teenus Hind V\u00e4ljakutse Tallinnas ja l\u00e4hi\u00fcmbruses** 35\u20ac V\u00e4ljakutse (korduv) 25\u20ac Defekteerimine (kodus &hellip; Hinnakiri Read More &raquo;","og_url":"https:\/\/www.1meister.ee\/et\/hinnakiri\/","og_site_name":"1meister.ee","article_modified_time":"2026-01-17T07:13:14+00:00","twitter_card":"summary_large_image","twitter_misc":{"Est. reading time":"2 minutit"},"schema":{"@context":"https:\/\/schema.org","@graph":[{"@type":"WebPage","@id":"https:\/\/www.1meister.ee\/et\/hinnakiri\/","url":"https:\/\/www.1meister.ee\/et\/hinnakiri\/","name":"Hinnakiri - 1meister.ee","isPartOf":{"@id":"https:\/\/1meister.ee\/en\/#website"},"datePublished":"2024-01-28T08:56:48+00:00","dateModified":"2026-01-17T07:13:14+00:00","breadcrumb":{"@id":"https:\/\/www.1meister.ee\/et\/hinnakiri\/#breadcrumb"},"inLanguage":"et","potentialAction":[{"@type":"ReadAction","target":["https:\/\/www.1meister.ee\/et\/hinnakiri\/"]}]},{"@type":"BreadcrumbList","@id":"https:\/\/www.1meister.ee\/et\/hinnakiri\/#breadcrumb","itemListElement":[{"@type":"ListItem","position":1,"name":"Home","item":"https:\/\/1meister.ee\/en\/"},{"@type":"ListItem","position":2,"name":"Hinnakiri"}]},{"@type":"WebSite","@id":"https:\/\/1meister.ee\/en\/#website","url":"https:\/\/1meister.ee\/en\/","name":"1meister.ee","description":"Kodumasinate remont","publisher":{"@id":"https:\/\/1meister.ee\/en\/#organization"},"potentialAction":[{"@type":"SearchAction","target":{"@type":"EntryPoint","urlTemplate":"https:\/\/1meister.ee\/en\/?s={search_term_string}"},"query-input":"required name=search_term_string"}],"inLanguage":"et"},{"@type":"Organization","@id":"https:\/\/1meister.ee\/en\/#organization","name":"1meister.ee","url":"https:\/\/1meister.ee\/en\/","logo":{"@type":"ImageObject","inLanguage":"et","@id":"https:\/\/1meister.ee\/en\/#\/schema\/logo\/image\/","url":"https:\/\/1meister.ee\/wp-content\/uploads\/2024\/03\/cropped-1meister-2.png","contentUrl":"https:\/\/1meister.ee\/wp-content\/uploads\/2024\/03\/cropped-1meister-2.png","width":1079,"height":360,"caption":"1meister.ee"},"image":{"@id":"https:\/\/1meister.ee\/en\/#\/schema\/logo\/image\/"}}]}},"_links":{"self":[{"href":"https:\/\/1meister.ee\/et\/wp-json\/wp\/v2\/pages\/1073","targetHints":{"allow":["GET"]}}],"collection":[{"href":"https:\/\/1meister.ee\/et\/wp-json\/wp\/v2\/pages"}],"about":[{"href":"https:\/\/1meister.ee\/et\/wp-json\/wp\/v2\/types\/page"}],"author":[{"embeddable":true,"href":"https:\/\/1meister.ee\/et\/wp-json\/wp\/v2\/users\/1"}],"replies":[{"embeddable":true,"href":"https:\/\/1meister.ee\/et\/wp-json\/wp\/v2\/comments?post=1073"}],"version-history":[{"count":5,"href":"https:\/\/1meister.ee\/et\/wp-json\/wp\/v2\/pages\/1073\/revisions"}],"predecessor-version":[{"id":1357,"href":"https:\/\/1meister.ee\/et\/wp-json\/wp\/v2\/pages\/1073\/revisions\/1357"}],"wp:attachment":[{"href":"https:\/\/1meister.ee\/et\/wp-json\/wp\/v2\/media?parent=1073"}],"curies":[{"name":"wp","href":"https:\/\/api.w.org\/{rel}","templated":true}]}}