{"id":1035,"date":"2024-01-27T09:39:37","date_gmt":"2024-01-27T09:39:37","guid":{"rendered":"https:\/\/www.1meister.ee\/?page_id=1035"},"modified":"2025-02-10T08:19:22","modified_gmt":"2025-02-10T08:19:22","slug":"kuivati-remont","status":"publish","type":"page","link":"https:\/\/1meister.ee\/et\/kuivati-remont\/","title":{"rendered":"Kuivati remont"},"content":{"rendered":"<p>Kas kuivati ei kuivata enam korralikult, kuvab veakoodi v\u00f5i ei l\u00fclitu \u00fcldse sisse? \u00dcksk\u00f5ik, milles probleem, meie kogenud tehnikud leiavad lahenduse!<\/p>\n<p>Oleme remontinud sadu kuivateid ning teame t\u00e4pselt, kuidas teie seade taas t\u00f6\u00f6korda saada. Saatke meile p\u00e4ring v\u00f5i helistage \u2013 anname kiirelt hinnangu ja pakume parima lahenduse!<\/p>\n<p>Tavaliselt saame kuivati korda otse teie kodus. Kui probleem on keerulisem, viime masina meie t\u00f6\u00f6kotta ja hoolitseme kiire remondi eest.<\/p>\n<p>Meie tehnikud tunnevad h\u00e4sti Eestis enimlevinud br\u00e4nde, sealhulgas <strong>Electrolux, Samsung, LG, Bosch, Whirlpool, Candy<\/strong> ja paljud teised. Kui teie kuivati on m\u00f5ne muu tootja oma, saatke meile p\u00e4ring \u2013 leiame lahenduse!<\/p>\n<h5><strong>Miks tellida kuivati remont just 1meister.ee lehelt?<\/strong><\/h5>\n<ul>\n<li><strong>Kiire ja s\u00f5bralik teenindus<\/strong> \u2013 leiame aja esimesel v\u00f5imalusel, et teie kuivati taas t\u00f6\u00f6korda seada.<\/li>\n<li><strong>Kogenud tehnikud<\/strong> \u2013 teame k\u00f5iki Eestis levinud kuivatite br\u00e4nde ning oleme valmis ka uute mudelite remontimiseks.<\/li>\n<li><strong>Varuosad kohe olemas<\/strong> \u2013 k\u00f5ige levinumad varuosad on meil kohe kaasas, et remont saaks tehtud \u00fche k\u00fclastusega.<\/li>\n<li><strong>Aus n\u00f5uanne<\/strong> \u2013 kui kuivati remont ei tundu meie tehniku jaoks majanduslikult m\u00f5istlik, siis anname teile sellest teada.<\/li>\n<\/ul>\n<h5>Saada p\u00e4ring<\/h5>\n<p>Kiirema teeninduse huvides lisage p\u00e4ringusse kuivati mudel ja vea kirjeldus \u2013 nii saame teile kohe pakkuda parima lahenduse!<\/p>\n<div class=\"wpforms-container \" id=\"wpforms-914\"><form id=\"wpforms-form-914\" class=\"wpforms-validate wpforms-form wpforms-ajax-form\" data-formid=\"914\" method=\"post\" enctype=\"multipart\/form-data\" action=\"\/et\/wp-json\/wp\/v2\/pages\/1035\" data-token=\"d5f09fc5a0724de26ba225fc0ffbc8e4\" data-token-time=\"1775519743\"><noscript class=\"wpforms-error-noscript\">Please enable JavaScript in your browser to complete this form.<\/noscript><div class=\"wpforms-field-container\"><div id=\"wpforms-914-field_0-container\" class=\"wpforms-field wpforms-field-name\" data-field-id=\"0\"><label class=\"wpforms-field-label\" for=\"wpforms-914-field_0\">Nimi <span class=\"wpforms-required-label\">*<\/span><\/label><input type=\"text\" id=\"wpforms-914-field_0\" class=\"wpforms-field-medium wpforms-field-required\" name=\"wpforms[fields][0]\" required><\/div><div id=\"wpforms-914-field_1-container\" class=\"wpforms-field wpforms-field-email\" data-field-id=\"1\"><label class=\"wpforms-field-label\" for=\"wpforms-914-field_1\">E-mail <span class=\"wpforms-required-label\">*<\/span><\/label><input type=\"email\" id=\"wpforms-914-field_1\" class=\"wpforms-field-medium wpforms-field-required\" name=\"wpforms[fields][1]\" spellcheck=\"false\" required><\/div><div id=\"wpforms-914-field_4-container\" class=\"wpforms-field wpforms-field-text\" data-field-id=\"4\"><label class=\"wpforms-field-label\" for=\"wpforms-914-field_4\">Telefon <span class=\"wpforms-required-label\">*<\/span><\/label><input type=\"text\" id=\"wpforms-914-field_4\" class=\"wpforms-field-medium wpforms-field-required\" name=\"wpforms[fields][4]\" required><\/div><div id=\"wpforms-914-field_8-container\" class=\"wpforms-field wpforms-field-text\" data-field-id=\"8\"><label class=\"wpforms-field-label\" for=\"wpforms-914-field_8\">Aadress (koduvisiidiks)<\/label><input type=\"text\" id=\"wpforms-914-field_8\" class=\"wpforms-field-medium\" name=\"wpforms[fields][8]\" ><\/div><div id=\"wpforms-914-field_2-container\" class=\"wpforms-field wpforms-field-textarea\" data-field-id=\"2\"><label class=\"wpforms-field-label\" for=\"wpforms-914-field_2\">S\u00f5num <span class=\"wpforms-required-label\">*<\/span><\/label><textarea id=\"wpforms-914-field_2\" class=\"wpforms-field-medium wpforms-field-required\" name=\"wpforms[fields][2]\" required><\/textarea><\/div><\/div><!-- .wpforms-field-container --><div class=\"wpforms-submit-container\" ><input type=\"hidden\" name=\"wpforms[id]\" value=\"914\"><input type=\"hidden\" name=\"page_title\" value=\"\"><input type=\"hidden\" name=\"page_url\" value=\"https:\/\/1meister.ee\/et\/wp-json\/wp\/v2\/pages\/1035\"><input type=\"hidden\" name=\"url_referer\" value=\"\"><button type=\"submit\" name=\"wpforms[submit]\" id=\"wpforms-submit-914\" class=\"wpforms-submit\" data-alt-text=\"Saadan...\" data-submit-text=\"Saada\" aria-live=\"assertive\" value=\"wpforms-submit\">Saada<\/button><img loading=\"lazy\" decoding=\"async\" src=\"https:\/\/1meister.ee\/wp-content\/plugins\/wpforms-lite\/assets\/images\/submit-spin.svg\" class=\"wpforms-submit-spinner\" style=\"display: none;\" width=\"26\" height=\"26\" alt=\"Loading\"><\/div><\/form><\/div>  <!-- .wpforms-container -->\n","protected":false},"excerpt":{"rendered":"<p>Kas kuivati ei kuivata enam korralikult, kuvab veakoodi v\u00f5i ei l\u00fclitu \u00fcldse sisse? \u00dcksk\u00f5ik, milles probleem, meie kogenud tehnikud leiavad lahenduse! Oleme remontinud sadu kuivateid ning teame t\u00e4pselt, kuidas teie seade taas t\u00f6\u00f6korda saada. Saatke meile p\u00e4ring v\u00f5i helistage \u2013 anname kiirelt hinnangu ja pakume parima lahenduse! Tavaliselt saame kuivati korda otse teie kodus. Kui &hellip;<\/p>\n<p class=\"read-more\"> <a class=\"\" href=\"https:\/\/1meister.ee\/et\/kuivati-remont\/\"> <span class=\"screen-reader-text\">Kuivati remont<\/span> Read More &raquo;<\/a><\/p>\n","protected":false},"author":1,"featured_media":0,"parent":0,"menu_order":0,"comment_status":"closed","ping_status":"closed","template":"","meta":{"site-sidebar-layout":"default","site-content-layout":"","ast-site-content-layout":"default","site-content-style":"default","site-sidebar-style":"default","ast-global-header-display":"","ast-banner-title-visibility":"","ast-main-header-display":"","ast-hfb-above-header-display":"","ast-hfb-below-header-display":"","ast-hfb-mobile-header-display":"","site-post-title":"","ast-breadcrumbs-content":"","ast-featured-img":"","footer-sml-layout":"","theme-transparent-header-meta":"default","adv-header-id-meta":"","stick-header-meta":"","header-above-stick-meta":"","header-main-stick-meta":"","header-below-stick-meta":"","astra-migrate-meta-layouts":"set","footnotes":""},"class_list":["post-1035","page","type-page","status-publish","hentry"],"yoast_head":"<!-- This site is optimized with the Yoast SEO plugin v21.1 - https:\/\/yoast.com\/wordpress\/plugins\/seo\/ -->\n<title>Kuivati remont - 1meister.ee<\/title>\n<meta name=\"description\" content=\"1meister.ee tiim on spetsialiseerunud pesukuivatite remondile. T\u00f6id teostatakse nii kliendi juures kui ka meie t\u00f6\u00f6kojas. Vaata l\u00e4hemalt.\" \/>\n<meta name=\"robots\" content=\"index, follow, max-snippet:-1, max-image-preview:large, max-video-preview:-1\" \/>\n<link rel=\"canonical\" href=\"https:\/\/www.1meister.ee\/et\/kuivati-remont\/\" \/>\n<meta property=\"og:locale\" content=\"et_EE\" \/>\n<meta property=\"og:type\" content=\"article\" \/>\n<meta property=\"og:title\" content=\"Kuivati remont - 1meister.ee\" \/>\n<meta property=\"og:description\" content=\"1meister.ee tiim on spetsialiseerunud pesukuivatite remondile. T\u00f6id teostatakse nii kliendi juures kui ka meie t\u00f6\u00f6kojas. Vaata l\u00e4hemalt.\" \/>\n<meta property=\"og:url\" content=\"https:\/\/www.1meister.ee\/et\/kuivati-remont\/\" \/>\n<meta property=\"og:site_name\" content=\"1meister.ee\" \/>\n<meta property=\"article:modified_time\" content=\"2025-02-10T08:19:22+00:00\" \/>\n<meta name=\"twitter:card\" content=\"summary_large_image\" \/>\n<meta name=\"twitter:label1\" content=\"Est. reading time\" \/>\n\t<meta name=\"twitter:data1\" content=\"2 minutit\" \/>\n<script type=\"application\/ld+json\" class=\"yoast-schema-graph\">{\"@context\":\"https:\/\/schema.org\",\"@graph\":[{\"@type\":\"WebPage\",\"@id\":\"https:\/\/www.1meister.ee\/et\/kuivati-remont\/\",\"url\":\"https:\/\/www.1meister.ee\/et\/kuivati-remont\/\",\"name\":\"Kuivati remont - 1meister.ee\",\"isPartOf\":{\"@id\":\"https:\/\/1meister.ee\/en\/#website\"},\"datePublished\":\"2024-01-27T09:39:37+00:00\",\"dateModified\":\"2025-02-10T08:19:22+00:00\",\"description\":\"1meister.ee tiim on spetsialiseerunud pesukuivatite remondile. T\u00f6id teostatakse nii kliendi juures kui ka meie t\u00f6\u00f6kojas. Vaata l\u00e4hemalt.\",\"breadcrumb\":{\"@id\":\"https:\/\/www.1meister.ee\/et\/kuivati-remont\/#breadcrumb\"},\"inLanguage\":\"et\",\"potentialAction\":[{\"@type\":\"ReadAction\",\"target\":[\"https:\/\/www.1meister.ee\/et\/kuivati-remont\/\"]}]},{\"@type\":\"BreadcrumbList\",\"@id\":\"https:\/\/www.1meister.ee\/et\/kuivati-remont\/#breadcrumb\",\"itemListElement\":[{\"@type\":\"ListItem\",\"position\":1,\"name\":\"Home\",\"item\":\"https:\/\/1meister.ee\/en\/\"},{\"@type\":\"ListItem\",\"position\":2,\"name\":\"Kuivati remont\"}]},{\"@type\":\"WebSite\",\"@id\":\"https:\/\/1meister.ee\/en\/#website\",\"url\":\"https:\/\/1meister.ee\/en\/\",\"name\":\"1meister.ee\",\"description\":\"Kodumasinate remont\",\"publisher\":{\"@id\":\"https:\/\/1meister.ee\/en\/#organization\"},\"potentialAction\":[{\"@type\":\"SearchAction\",\"target\":{\"@type\":\"EntryPoint\",\"urlTemplate\":\"https:\/\/1meister.ee\/en\/?s={search_term_string}\"},\"query-input\":\"required name=search_term_string\"}],\"inLanguage\":\"et\"},{\"@type\":\"Organization\",\"@id\":\"https:\/\/1meister.ee\/en\/#organization\",\"name\":\"1meister.ee\",\"url\":\"https:\/\/1meister.ee\/en\/\",\"logo\":{\"@type\":\"ImageObject\",\"inLanguage\":\"et\",\"@id\":\"https:\/\/1meister.ee\/en\/#\/schema\/logo\/image\/\",\"url\":\"https:\/\/1meister.ee\/wp-content\/uploads\/2024\/03\/cropped-1meister-2.png\",\"contentUrl\":\"https:\/\/1meister.ee\/wp-content\/uploads\/2024\/03\/cropped-1meister-2.png\",\"width\":1079,\"height\":360,\"caption\":\"1meister.ee\"},\"image\":{\"@id\":\"https:\/\/1meister.ee\/en\/#\/schema\/logo\/image\/\"}}]}<\/script>\n<!-- \/ Yoast SEO plugin. -->","yoast_head_json":{"title":"Kuivati remont - 1meister.ee","description":"1meister.ee tiim on spetsialiseerunud pesukuivatite remondile. T\u00f6id teostatakse nii kliendi juures kui ka meie t\u00f6\u00f6kojas. Vaata l\u00e4hemalt.","robots":{"index":"index","follow":"follow","max-snippet":"max-snippet:-1","max-image-preview":"max-image-preview:large","max-video-preview":"max-video-preview:-1"},"canonical":"https:\/\/www.1meister.ee\/et\/kuivati-remont\/","og_locale":"et_EE","og_type":"article","og_title":"Kuivati remont - 1meister.ee","og_description":"1meister.ee tiim on spetsialiseerunud pesukuivatite remondile. T\u00f6id teostatakse nii kliendi juures kui ka meie t\u00f6\u00f6kojas. Vaata l\u00e4hemalt.","og_url":"https:\/\/www.1meister.ee\/et\/kuivati-remont\/","og_site_name":"1meister.ee","article_modified_time":"2025-02-10T08:19:22+00:00","twitter_card":"summary_large_image","twitter_misc":{"Est. reading time":"2 minutit"},"schema":{"@context":"https:\/\/schema.org","@graph":[{"@type":"WebPage","@id":"https:\/\/www.1meister.ee\/et\/kuivati-remont\/","url":"https:\/\/www.1meister.ee\/et\/kuivati-remont\/","name":"Kuivati remont - 1meister.ee","isPartOf":{"@id":"https:\/\/1meister.ee\/en\/#website"},"datePublished":"2024-01-27T09:39:37+00:00","dateModified":"2025-02-10T08:19:22+00:00","description":"1meister.ee tiim on spetsialiseerunud pesukuivatite remondile. T\u00f6id teostatakse nii kliendi juures kui ka meie t\u00f6\u00f6kojas. Vaata l\u00e4hemalt.","breadcrumb":{"@id":"https:\/\/www.1meister.ee\/et\/kuivati-remont\/#breadcrumb"},"inLanguage":"et","potentialAction":[{"@type":"ReadAction","target":["https:\/\/www.1meister.ee\/et\/kuivati-remont\/"]}]},{"@type":"BreadcrumbList","@id":"https:\/\/www.1meister.ee\/et\/kuivati-remont\/#breadcrumb","itemListElement":[{"@type":"ListItem","position":1,"name":"Home","item":"https:\/\/1meister.ee\/en\/"},{"@type":"ListItem","position":2,"name":"Kuivati remont"}]},{"@type":"WebSite","@id":"https:\/\/1meister.ee\/en\/#website","url":"https:\/\/1meister.ee\/en\/","name":"1meister.ee","description":"Kodumasinate remont","publisher":{"@id":"https:\/\/1meister.ee\/en\/#organization"},"potentialAction":[{"@type":"SearchAction","target":{"@type":"EntryPoint","urlTemplate":"https:\/\/1meister.ee\/en\/?s={search_term_string}"},"query-input":"required name=search_term_string"}],"inLanguage":"et"},{"@type":"Organization","@id":"https:\/\/1meister.ee\/en\/#organization","name":"1meister.ee","url":"https:\/\/1meister.ee\/en\/","logo":{"@type":"ImageObject","inLanguage":"et","@id":"https:\/\/1meister.ee\/en\/#\/schema\/logo\/image\/","url":"https:\/\/1meister.ee\/wp-content\/uploads\/2024\/03\/cropped-1meister-2.png","contentUrl":"https:\/\/1meister.ee\/wp-content\/uploads\/2024\/03\/cropped-1meister-2.png","width":1079,"height":360,"caption":"1meister.ee"},"image":{"@id":"https:\/\/1meister.ee\/en\/#\/schema\/logo\/image\/"}}]}},"_links":{"self":[{"href":"https:\/\/1meister.ee\/et\/wp-json\/wp\/v2\/pages\/1035","targetHints":{"allow":["GET"]}}],"collection":[{"href":"https:\/\/1meister.ee\/et\/wp-json\/wp\/v2\/pages"}],"about":[{"href":"https:\/\/1meister.ee\/et\/wp-json\/wp\/v2\/types\/page"}],"author":[{"embeddable":true,"href":"https:\/\/1meister.ee\/et\/wp-json\/wp\/v2\/users\/1"}],"replies":[{"embeddable":true,"href":"https:\/\/1meister.ee\/et\/wp-json\/wp\/v2\/comments?post=1035"}],"version-history":[{"count":5,"href":"https:\/\/1meister.ee\/et\/wp-json\/wp\/v2\/pages\/1035\/revisions"}],"predecessor-version":[{"id":1191,"href":"https:\/\/1meister.ee\/et\/wp-json\/wp\/v2\/pages\/1035\/revisions\/1191"}],"wp:attachment":[{"href":"https:\/\/1meister.ee\/et\/wp-json\/wp\/v2\/media?parent=1035"}],"curies":[{"name":"wp","href":"https:\/\/api.w.org\/{rel}","templated":true}]}}