{"id":1329,"date":"2025-11-02T12:06:52","date_gmt":"2025-11-02T12:06:52","guid":{"rendered":"https:\/\/1meister.ee\/?page_id=1329"},"modified":"2025-11-02T12:17:50","modified_gmt":"2025-11-02T12:17:50","slug":"services","status":"publish","type":"page","link":"https:\/\/1meister.ee\/en\/services\/","title":{"rendered":"Services"},"content":{"rendered":"<p data-start=\"225\" data-end=\"438\">1meister offers professional appliance repair and maintenance services in Tallinn and Harju County. Our technicians repair washing machines, dishwashers, dryers as well as ovens and cookers.<\/p>\n<p data-start=\"440\" data-end=\"661\">We are the official <strong data-start=\"454\" data-end=\"500\">Service partner for Electrolux, AEG and Zanussi<\/strong>, but we also service other well-known brands (Bosch, Whirlpool, Samsung, LG, Asko and others).<br data-start=\"582\" data-end=\"585\" \/>We use only high quality spare parts and guarantee the work we do.<\/p>\n<hr data-start=\"663\" data-end=\"666\" \/>\n<h5 data-start=\"668\" data-end=\"690\">Services offered<\/h5>\n<ul data-start=\"692\" data-end=\"1027\">\n<li data-start=\"692\" data-end=\"774\">\n<p data-start=\"694\" data-end=\"774\"><a href=\"https:\/\/1meister.ee\/en\/washer-repair\/\"><strong data-start=\"694\" data-end=\"717\">Washing machine repair<\/strong><\/a><\/p>\n<\/li>\n<li data-start=\"775\" data-end=\"848\">\n<p data-start=\"777\" data-end=\"848\"><a href=\"https:\/\/1meister.ee\/en\/dishwasher-repair\/\"><strong data-start=\"777\" data-end=\"805\">Dishwasher repair<\/strong><\/a><\/p>\n<\/li>\n<li data-start=\"849\" data-end=\"932\">\n<p data-start=\"851\" data-end=\"932\"><a href=\"https:\/\/1meister.ee\/en\/dryer-repair\/\"><strong data-start=\"851\" data-end=\"871\">Dryer repair<\/strong><\/a><\/p>\n<\/li>\n<li data-start=\"849\" data-end=\"932\">\n<p data-start=\"851\" data-end=\"932\"><a href=\"https:\/\/1meister.ee\/en\/stove-repair\/\"><strong data-start=\"851\" data-end=\"871\">Repair of frying ovens<\/strong><\/a><\/p>\n<\/li>\n<li data-start=\"933\" data-end=\"1027\">\n<p data-start=\"935\" data-end=\"1027\"><a href=\"https:\/\/1meister.ee\/en\/hob-repair\/\"><strong data-start=\"935\" data-end=\"964\">Repair of electric cookers<\/strong><\/a><\/p>\n<\/li>\n<\/ul>\n<hr data-start=\"1029\" data-end=\"1032\" \/>\n<h5 data-start=\"1034\" data-end=\"1059\">Why choose 1meister?<\/h5>\n<ul data-start=\"1061\" data-end=\"1273\">\n<li data-start=\"1061\" data-end=\"1117\">\n<p data-start=\"1063\" data-end=\"1117\">Recognised partner for major domestic appliance manufacturers<\/p>\n<\/li>\n<li data-start=\"1061\" data-end=\"1117\">\n<p data-start=\"1063\" data-end=\"1117\">Experienced craftsmen and a well thought-out work process<\/p>\n<\/li>\n<li data-start=\"1166\" data-end=\"1200\">\n<p data-start=\"1168\" data-end=\"1200\">Clear pricing and honest communication<\/p>\n<\/li>\n<li data-start=\"1201\" data-end=\"1228\">\n<p data-start=\"1203\" data-end=\"1228\">Guarantee on work done<\/p>\n<\/li>\n<li data-start=\"1229\" data-end=\"1273\">\n<p data-start=\"1231\" data-end=\"1273\">Fast response and flexible service<\/p>\n<\/li>\n<\/ul>","protected":false},"excerpt":{"rendered":"<p>1meister offers professional appliance repair and maintenance services in Tallinn and Harju County. Our technicians repair washing machines, dishwashers, dryers as well as ovens and cookers. We are the official maintenance partner of Electrolux, AEG and Zanussi, but we also service other well-known brands (Bosch, Whirlpool, Samsung, LG, Asko, etc.). Services offered Washing machine repair Washing machine repair Washing machine ...<\/p>\n<p class=\"read-more\"> <a class=\"\" href=\"https:\/\/1meister.ee\/en\/services\/\"> <span class=\"screen-reader-text\">Services<\/span> Read More \u00bb<\/a><\/p>","protected":false},"author":1,"featured_media":0,"parent":0,"menu_order":0,"comment_status":"closed","ping_status":"closed","template":"","meta":{"site-sidebar-layout":"default","site-content-layout":"","ast-site-content-layout":"default","site-content-style":"default","site-sidebar-style":"default","ast-global-header-display":"","ast-banner-title-visibility":"","ast-main-header-display":"","ast-hfb-above-header-display":"","ast-hfb-below-header-display":"","ast-hfb-mobile-header-display":"","site-post-title":"","ast-breadcrumbs-content":"","ast-featured-img":"","footer-sml-layout":"","theme-transparent-header-meta":"default","adv-header-id-meta":"","stick-header-meta":"","header-above-stick-meta":"","header-main-stick-meta":"","header-below-stick-meta":"","astra-migrate-meta-layouts":"set","footnotes":""},"class_list":["post-1329","page","type-page","status-publish","hentry"],"yoast_head":"<!-- This site is optimized with the Yoast SEO plugin v21.1 - https:\/\/yoast.com\/wordpress\/plugins\/seo\/ -->\n<title>Teenused - 1meister.ee<\/title>\n<meta name=\"robots\" content=\"index, follow, max-snippet:-1, max-image-preview:large, max-video-preview:-1\" \/>\n<link rel=\"canonical\" href=\"https:\/\/1meister.ee\/en\/services\/\" \/>\n<meta property=\"og:locale\" content=\"en_US\" \/>\n<meta property=\"og:type\" content=\"article\" \/>\n<meta property=\"og:title\" content=\"Teenused - 1meister.ee\" \/>\n<meta property=\"og:description\" content=\"1meister pakub professionaalset kodumasinate remondi- ja hooldusteenust Tallinnas ja Harjumaal. Meie tehnikud tegelevad nii pesumasinate, n\u00f5udepesumasinate, kuivatite kui ka ahjude ja pliitide remondiga. Oleme ametlik Electroluxi, AEG ja Zanussi hoolduspartner, kuid teenindame ka teisi tuntud br\u00e4nde (Bosch, Whirlpool, Samsung, LG, Asko jt).Kasutame ainult kvaliteetseid varuosi ning anname tehtud t\u00f6\u00f6dele garantii. Pakutavad teenused Pesumasinate remont N\u00f5udepesumasinate &hellip; Teenused Read More &raquo;\" \/>\n<meta property=\"og:url\" content=\"https:\/\/1meister.ee\/en\/services\/\" \/>\n<meta property=\"og:site_name\" content=\"1meister.ee\" \/>\n<meta property=\"article:modified_time\" content=\"2025-11-02T12:17:50+00:00\" \/>\n<meta name=\"twitter:card\" content=\"summary_large_image\" \/>\n<meta name=\"twitter:label1\" content=\"Est. reading time\" \/>\n\t<meta name=\"twitter:data1\" content=\"1 minute\" \/>\n<script type=\"application\/ld+json\" class=\"yoast-schema-graph\">{\"@context\":\"https:\/\/schema.org\",\"@graph\":[{\"@type\":\"WebPage\",\"@id\":\"https:\/\/1meister.ee\/en\/services\/\",\"url\":\"https:\/\/1meister.ee\/en\/services\/\",\"name\":\"Teenused - 1meister.ee\",\"isPartOf\":{\"@id\":\"https:\/\/1meister.ee\/en\/#website\"},\"datePublished\":\"2025-11-02T12:06:52+00:00\",\"dateModified\":\"2025-11-02T12:17:50+00:00\",\"breadcrumb\":{\"@id\":\"https:\/\/1meister.ee\/en\/services\/#breadcrumb\"},\"inLanguage\":\"en-US\",\"potentialAction\":[{\"@type\":\"ReadAction\",\"target\":[\"https:\/\/1meister.ee\/en\/services\/\"]}]},{\"@type\":\"BreadcrumbList\",\"@id\":\"https:\/\/1meister.ee\/en\/services\/#breadcrumb\",\"itemListElement\":[{\"@type\":\"ListItem\",\"position\":1,\"name\":\"Home\",\"item\":\"https:\/\/1meister.ee\/en\/\"},{\"@type\":\"ListItem\",\"position\":2,\"name\":\"Teenused\"}]},{\"@type\":\"WebSite\",\"@id\":\"https:\/\/1meister.ee\/en\/#website\",\"url\":\"https:\/\/1meister.ee\/en\/\",\"name\":\"1meister.ee\",\"description\":\"Kodumasinate remont\",\"publisher\":{\"@id\":\"https:\/\/1meister.ee\/en\/#organization\"},\"potentialAction\":[{\"@type\":\"SearchAction\",\"target\":{\"@type\":\"EntryPoint\",\"urlTemplate\":\"https:\/\/1meister.ee\/en\/?s={search_term_string}\"},\"query-input\":\"required name=search_term_string\"}],\"inLanguage\":\"en-US\"},{\"@type\":\"Organization\",\"@id\":\"https:\/\/1meister.ee\/en\/#organization\",\"name\":\"1meister.ee\",\"url\":\"https:\/\/1meister.ee\/en\/\",\"logo\":{\"@type\":\"ImageObject\",\"inLanguage\":\"en-US\",\"@id\":\"https:\/\/1meister.ee\/en\/#\/schema\/logo\/image\/\",\"url\":\"https:\/\/1meister.ee\/wp-content\/uploads\/2024\/03\/cropped-1meister-2.png\",\"contentUrl\":\"https:\/\/1meister.ee\/wp-content\/uploads\/2024\/03\/cropped-1meister-2.png\",\"width\":1079,\"height\":360,\"caption\":\"1meister.ee\"},\"image\":{\"@id\":\"https:\/\/1meister.ee\/en\/#\/schema\/logo\/image\/\"}}]}<\/script>\n<!-- \/ Yoast SEO plugin. -->","yoast_head_json":{"title":"Services - 1meister.ee","robots":{"index":"index","follow":"follow","max-snippet":"max-snippet:-1","max-image-preview":"max-image-preview:large","max-video-preview":"max-video-preview:-1"},"canonical":"https:\/\/1meister.ee\/en\/services\/","og_locale":"en_US","og_type":"article","og_title":"Teenused - 1meister.ee","og_description":"1meister pakub professionaalset kodumasinate remondi- ja hooldusteenust Tallinnas ja Harjumaal. Meie tehnikud tegelevad nii pesumasinate, n\u00f5udepesumasinate, kuivatite kui ka ahjude ja pliitide remondiga. Oleme ametlik Electroluxi, AEG ja Zanussi hoolduspartner, kuid teenindame ka teisi tuntud br\u00e4nde (Bosch, Whirlpool, Samsung, LG, Asko jt).Kasutame ainult kvaliteetseid varuosi ning anname tehtud t\u00f6\u00f6dele garantii. Pakutavad teenused Pesumasinate remont N\u00f5udepesumasinate &hellip; Teenused Read More &raquo;","og_url":"https:\/\/1meister.ee\/en\/services\/","og_site_name":"1meister.ee","article_modified_time":"2025-11-02T12:17:50+00:00","twitter_card":"summary_large_image","twitter_misc":{"Est. reading time":"1 minute"},"schema":{"@context":"https:\/\/schema.org","@graph":[{"@type":"WebPage","@id":"https:\/\/1meister.ee\/en\/services\/","url":"https:\/\/1meister.ee\/en\/services\/","name":"Services - 1meister.ee","isPartOf":{"@id":"https:\/\/1meister.ee\/en\/#website"},"datePublished":"2025-11-02T12:06:52+00:00","dateModified":"2025-11-02T12:17:50+00:00","breadcrumb":{"@id":"https:\/\/1meister.ee\/en\/services\/#breadcrumb"},"inLanguage":"en-US","potentialAction":[{"@type":"ReadAction","target":["https:\/\/1meister.ee\/en\/services\/"]}]},{"@type":"BreadcrumbList","@id":"https:\/\/1meister.ee\/en\/services\/#breadcrumb","itemListElement":[{"@type":"ListItem","position":1,"name":"Home","item":"https:\/\/1meister.ee\/en\/"},{"@type":"ListItem","position":2,"name":"Teenused"}]},{"@type":"WebSite","@id":"https:\/\/1meister.ee\/en\/#website","url":"https:\/\/1meister.ee\/en\/","name":"1meister.ee","description":"Repair of household appliances","publisher":{"@id":"https:\/\/1meister.ee\/en\/#organization"},"potentialAction":[{"@type":"SearchAction","target":{"@type":"EntryPoint","urlTemplate":"https:\/\/1meister.ee\/en\/?s={search_term_string}"},"query-input":"required name=search_term_string"}],"inLanguage":"en-US"},{"@type":"Organization","@id":"https:\/\/1meister.ee\/en\/#organization","name":"1meister.ee","url":"https:\/\/1meister.ee\/en\/","logo":{"@type":"ImageObject","inLanguage":"en-US","@id":"https:\/\/1meister.ee\/en\/#\/schema\/logo\/image\/","url":"https:\/\/1meister.ee\/wp-content\/uploads\/2024\/03\/cropped-1meister-2.png","contentUrl":"https:\/\/1meister.ee\/wp-content\/uploads\/2024\/03\/cropped-1meister-2.png","width":1079,"height":360,"caption":"1meister.ee"},"image":{"@id":"https:\/\/1meister.ee\/en\/#\/schema\/logo\/image\/"}}]}},"_links":{"self":[{"href":"https:\/\/1meister.ee\/en\/wp-json\/wp\/v2\/pages\/1329","targetHints":{"allow":["GET"]}}],"collection":[{"href":"https:\/\/1meister.ee\/en\/wp-json\/wp\/v2\/pages"}],"about":[{"href":"https:\/\/1meister.ee\/en\/wp-json\/wp\/v2\/types\/page"}],"author":[{"embeddable":true,"href":"https:\/\/1meister.ee\/en\/wp-json\/wp\/v2\/users\/1"}],"replies":[{"embeddable":true,"href":"https:\/\/1meister.ee\/en\/wp-json\/wp\/v2\/comments?post=1329"}],"version-history":[{"count":5,"href":"https:\/\/1meister.ee\/en\/wp-json\/wp\/v2\/pages\/1329\/revisions"}],"predecessor-version":[{"id":1338,"href":"https:\/\/1meister.ee\/en\/wp-json\/wp\/v2\/pages\/1329\/revisions\/1338"}],"wp:attachment":[{"href":"https:\/\/1meister.ee\/en\/wp-json\/wp\/v2\/media?parent=1329"}],"curies":[{"name":"wp","href":"https:\/\/api.w.org\/{rel}","templated":true}]}}