{"id":1265,"date":"2025-09-13T11:26:30","date_gmt":"2025-09-13T11:26:30","guid":{"rendered":"https:\/\/1meister.ee\/?page_id=1265"},"modified":"2025-09-13T11:30:46","modified_gmt":"2025-09-13T11:30:46","slug":"repair-complexity-levels","status":"publish","type":"page","link":"https:\/\/1meister.ee\/en\/repair-complexity-levels\/","title":{"rendered":"Repair complexity levels"},"content":{"rendered":"<p data-start=\"483\" data-end=\"801\">Appliance repair varies in both the volume of work and the technical complexity. We have created three categories based on the nature of the work: <strong data-start=\"618\" data-end=\"658\">simple, medium and complex repairs<\/strong>. This breakdown will help you to better orientate yourself in the price list and to understand which level your equipment problem is most likely to fall into.<\/p>\n<h6 data-start=\"808\" data-end=\"830\"><\/h6>\n<h6 data-start=\"808\" data-end=\"830\"><strong data-start=\"811\" data-end=\"828\">Easy repair<\/strong><\/h6>\n<p data-start=\"831\" data-end=\"978\">A simple repair is work of a minor nature, usually involving the replacement of a single part or routine maintenance of a machine.<\/p>\n<p data-start=\"980\" data-end=\"993\"><strong data-start=\"980\" data-end=\"991\">Examples:<\/strong><\/p>\n<ul>\n<li><span data-tt=\"{&quot;paragraphStyle&quot;:{&quot;alignment&quot;:4,&quot;style&quot;:100}}\">Replacing a hatch or door lock<\/span><\/li>\n<li>Removing blockages<\/li>\n<li><span data-tt=\"{&quot;paragraphStyle&quot;:{&quot;alignment&quot;:4,&quot;style&quot;:100}}\">Dishwasher door seal replacement <\/span><\/li>\n<li><span data-tt=\"{&quot;paragraphStyle&quot;:{&quot;alignment&quot;:4,&quot;style&quot;:100}}\">Replacement of handles and knobs <\/span><\/li>\n<li><span data-tt=\"{&quot;paragraphStyle&quot;:{&quot;alignment&quot;:4,&quot;style&quot;:100}}\">Replacement of filters, spray balls or hoses <\/span><\/li>\n<li><span data-tt=\"{&quot;paragraphStyle&quot;:{&quot;alignment&quot;:4,&quot;style&quot;:100}}\">Regular maintenance and cleaning<\/span><\/li>\n<\/ul>\n<h6 data-start=\"1194\" data-end=\"1218\"><strong data-start=\"1197\" data-end=\"1216\">Medium repairs<\/strong><\/h6>\n<p data-start=\"1219\" data-end=\"1396\">For medium repairs, partial dismantling of the appliance is necessary. The work is technically more complex and usually involves the replacement of major components or an electrical system check.<\/p>\n<p data-start=\"1398\" data-end=\"1411\"><strong data-start=\"1398\" data-end=\"1409\">Examples:<\/strong><\/p>\n<ul>\n<li><span data-tt=\"{&quot;paragraphStyle&quot;:{&quot;alignment&quot;:4,&quot;style&quot;:100}}\">Replacement of shock absorbers, belts or pulleys <\/span><\/li>\n<li><span data-tt=\"{&quot;paragraphStyle&quot;:{&quot;alignment&quot;:4,&quot;style&quot;:100}}\">Repair of water inlet and outlet parts (valves, pumps, hoses) <\/span><\/li>\n<li><span data-tt=\"{&quot;paragraphStyle&quot;:{&quot;alignment&quot;:4,&quot;style&quot;:100}}\">Replacement of heaters or fans <\/span><\/li>\n<li><span data-tt=\"{&quot;paragraphStyle&quot;:{&quot;alignment&quot;:4,&quot;style&quot;:100}}\">Replacement of control unit (module) or sensors <\/span><\/li>\n<li><span data-tt=\"{&quot;paragraphStyle&quot;:{&quot;alignment&quot;:4,&quot;style&quot;:100}}\">Washing machine drum gasket (neck rubber) replacement <\/span><\/li>\n<li><span data-tt=\"{&quot;paragraphStyle&quot;:{&quot;alignment&quot;:4,&quot;style&quot;:100}}\">Electrical circuit and wiring repair <\/span><\/li>\n<li><span data-tt=\"{&quot;paragraphStyle&quot;:{&quot;alignment&quot;:4,&quot;style&quot;:100}}\">Cleaning the dryer ventilation or condensate system <\/span><\/li>\n<li><span data-tt=\"{&quot;paragraphStyle&quot;:{&quot;alignment&quot;:4,&quot;style&quot;:100}}\">Cleaning the scrubber tank from scale and dirt<\/span><\/li>\n<\/ul>\n<h6 data-start=\"1847\" data-end=\"1872\"><strong data-start=\"1850\" data-end=\"1870\">Complicated repair<\/strong><\/h6>\n<p data-start=\"1873\" data-end=\"2050\">Complex jobs require thorough dismantling of the machine, special tools and considerable experience. Usually there is major wear or failure of key components.<\/p>\n<p data-start=\"2052\" data-end=\"2065\"><strong data-start=\"2052\" data-end=\"2063\">Examples:<\/strong><\/p>\n<ul>\n<li><span data-tt=\"{&quot;paragraphStyle&quot;:{&quot;alignment&quot;:4,&quot;style&quot;:100}}\">Replacing the bearings or cross of a washing machine drum <\/span><\/li>\n<li><span data-tt=\"{&quot;paragraphStyle&quot;:{&quot;alignment&quot;:4,&quot;style&quot;:100}}\">Complete replacement of washing machine tank <\/span><\/li>\n<li><span data-tt=\"{&quot;paragraphStyle&quot;:{&quot;alignment&quot;:4,&quot;style&quot;:100}}\">Replacement of dishwasher motor or extensive system cleaning <\/span><\/li>\n<li><span data-tt=\"{&quot;paragraphStyle&quot;:{&quot;alignment&quot;:4,&quot;style&quot;:100}}\">Replacing bearings, rollers or supports on the dryer drum <\/span><\/li>\n<li><span data-tt=\"{&quot;paragraphStyle&quot;:{&quot;alignment&quot;:4,&quot;style&quot;:100}}\">Complete replacement of cooker and oven heating elements or replacement of several switches\/surfaces at the same time.<\/span><\/li>\n<\/ul>\n<h6 data-start=\"2390\" data-end=\"2402\">Note<\/h6>\n<p data-start=\"2403\" data-end=\"2543\">The degree of complexity indicates the nature and scale of the work. The exact cost will always depend on the condition of the equipment and the spare parts used.<\/p>","protected":false},"excerpt":{"rendered":"<p>The repair of household appliances varies in terms of both the volume of work and the technical complexity. We have created three categories based on the nature of the work: simple, medium and complex. This breakdown will help you to find your way around the price list and to understand which level your appliance problem is most likely to fall into. Simple repairs Simple repairs are those that are minor in nature and usually involve the ...<\/p>\n<p class=\"read-more\"> <a class=\"\" href=\"https:\/\/1meister.ee\/en\/repair-complexity-levels\/\"> <span class=\"screen-reader-text\">Repair complexity levels<\/span> Read More \u00bb<\/a><\/p>","protected":false},"author":1,"featured_media":0,"parent":0,"menu_order":0,"comment_status":"closed","ping_status":"closed","template":"","meta":{"site-sidebar-layout":"default","site-content-layout":"","ast-site-content-layout":"default","site-content-style":"default","site-sidebar-style":"default","ast-global-header-display":"","ast-banner-title-visibility":"","ast-main-header-display":"","ast-hfb-above-header-display":"","ast-hfb-below-header-display":"","ast-hfb-mobile-header-display":"","site-post-title":"","ast-breadcrumbs-content":"","ast-featured-img":"","footer-sml-layout":"","theme-transparent-header-meta":"default","adv-header-id-meta":"","stick-header-meta":"","header-above-stick-meta":"","header-main-stick-meta":"","header-below-stick-meta":"","astra-migrate-meta-layouts":"set","footnotes":""},"class_list":["post-1265","page","type-page","status-publish","hentry"],"yoast_head":"<!-- This site is optimized with the Yoast SEO plugin v21.1 - https:\/\/yoast.com\/wordpress\/plugins\/seo\/ -->\n<title>Remondit\u00f6\u00f6de keerukuse tasemed - 1meister.ee<\/title>\n<meta name=\"robots\" content=\"index, follow, max-snippet:-1, max-image-preview:large, max-video-preview:-1\" \/>\n<link rel=\"canonical\" href=\"https:\/\/1meister.ee\/en\/repair-complexity-levels\/\" \/>\n<meta property=\"og:locale\" content=\"en_US\" \/>\n<meta property=\"og:type\" content=\"article\" \/>\n<meta property=\"og:title\" content=\"Remondit\u00f6\u00f6de keerukuse tasemed - 1meister.ee\" \/>\n<meta property=\"og:description\" content=\"Kodumasinate remont erineb nii t\u00f6\u00f6de mahult kui ka tehniliselt keerukuselt. Oleme t\u00f6\u00f6de iseloomu alusel loonud kolm kategooriat: lihtne, keskmine ja keeruline remont. See jaotus aitab Teil hinnakirjas paremini orienteeruda ning m\u00f5ista, millisesse tasemesse Teie seadme probleem k\u00f5ige t\u00f5en\u00e4olisemalt kuulub. Lihtne remont Lihtsa remondi alla kuuluvad t\u00f6\u00f6d, mis on v\u00e4hese mahuga ja eeldavad tavaliselt \u00fcksiku detaili &hellip; Remondit\u00f6\u00f6de keerukuse tasemed Read More &raquo;\" \/>\n<meta property=\"og:url\" content=\"https:\/\/1meister.ee\/en\/repair-complexity-levels\/\" \/>\n<meta property=\"og:site_name\" content=\"1meister.ee\" \/>\n<meta property=\"article:modified_time\" content=\"2025-09-13T11:30:46+00:00\" \/>\n<meta name=\"twitter:card\" content=\"summary_large_image\" \/>\n<meta name=\"twitter:label1\" content=\"Est. reading time\" \/>\n\t<meta name=\"twitter:data1\" content=\"2 minutes\" \/>\n<script type=\"application\/ld+json\" class=\"yoast-schema-graph\">{\"@context\":\"https:\/\/schema.org\",\"@graph\":[{\"@type\":\"WebPage\",\"@id\":\"https:\/\/1meister.ee\/et\/remonditoode-keerukuse-tasemed\/\",\"url\":\"https:\/\/1meister.ee\/et\/remonditoode-keerukuse-tasemed\/\",\"name\":\"Remondit\u00f6\u00f6de keerukuse tasemed - 1meister.ee\",\"isPartOf\":{\"@id\":\"https:\/\/1meister.ee\/en\/#website\"},\"datePublished\":\"2025-09-13T11:26:30+00:00\",\"dateModified\":\"2025-09-13T11:30:46+00:00\",\"breadcrumb\":{\"@id\":\"https:\/\/1meister.ee\/et\/remonditoode-keerukuse-tasemed\/#breadcrumb\"},\"inLanguage\":\"en-US\",\"potentialAction\":[{\"@type\":\"ReadAction\",\"target\":[\"https:\/\/1meister.ee\/et\/remonditoode-keerukuse-tasemed\/\"]}]},{\"@type\":\"BreadcrumbList\",\"@id\":\"https:\/\/1meister.ee\/et\/remonditoode-keerukuse-tasemed\/#breadcrumb\",\"itemListElement\":[{\"@type\":\"ListItem\",\"position\":1,\"name\":\"Home\",\"item\":\"https:\/\/1meister.ee\/en\/\"},{\"@type\":\"ListItem\",\"position\":2,\"name\":\"Remondit\u00f6\u00f6de keerukuse tasemed\"}]},{\"@type\":\"WebSite\",\"@id\":\"https:\/\/1meister.ee\/en\/#website\",\"url\":\"https:\/\/1meister.ee\/en\/\",\"name\":\"1meister.ee\",\"description\":\"Kodumasinate remont\",\"publisher\":{\"@id\":\"https:\/\/1meister.ee\/en\/#organization\"},\"potentialAction\":[{\"@type\":\"SearchAction\",\"target\":{\"@type\":\"EntryPoint\",\"urlTemplate\":\"https:\/\/1meister.ee\/en\/?s={search_term_string}\"},\"query-input\":\"required name=search_term_string\"}],\"inLanguage\":\"en-US\"},{\"@type\":\"Organization\",\"@id\":\"https:\/\/1meister.ee\/en\/#organization\",\"name\":\"1meister.ee\",\"url\":\"https:\/\/1meister.ee\/en\/\",\"logo\":{\"@type\":\"ImageObject\",\"inLanguage\":\"en-US\",\"@id\":\"https:\/\/1meister.ee\/en\/#\/schema\/logo\/image\/\",\"url\":\"https:\/\/1meister.ee\/wp-content\/uploads\/2024\/03\/cropped-1meister-2.png\",\"contentUrl\":\"https:\/\/1meister.ee\/wp-content\/uploads\/2024\/03\/cropped-1meister-2.png\",\"width\":1079,\"height\":360,\"caption\":\"1meister.ee\"},\"image\":{\"@id\":\"https:\/\/1meister.ee\/en\/#\/schema\/logo\/image\/\"}}]}<\/script>\n<!-- \/ Yoast SEO plugin. -->","yoast_head_json":{"title":"Repair complexity levels - 1meister.ee","robots":{"index":"index","follow":"follow","max-snippet":"max-snippet:-1","max-image-preview":"max-image-preview:large","max-video-preview":"max-video-preview:-1"},"canonical":"https:\/\/1meister.ee\/en\/repair-complexity-levels\/","og_locale":"en_US","og_type":"article","og_title":"Remondit\u00f6\u00f6de keerukuse tasemed - 1meister.ee","og_description":"Kodumasinate remont erineb nii t\u00f6\u00f6de mahult kui ka tehniliselt keerukuselt. Oleme t\u00f6\u00f6de iseloomu alusel loonud kolm kategooriat: lihtne, keskmine ja keeruline remont. See jaotus aitab Teil hinnakirjas paremini orienteeruda ning m\u00f5ista, millisesse tasemesse Teie seadme probleem k\u00f5ige t\u00f5en\u00e4olisemalt kuulub. Lihtne remont Lihtsa remondi alla kuuluvad t\u00f6\u00f6d, mis on v\u00e4hese mahuga ja eeldavad tavaliselt \u00fcksiku detaili &hellip; Remondit\u00f6\u00f6de keerukuse tasemed Read More &raquo;","og_url":"https:\/\/1meister.ee\/en\/repair-complexity-levels\/","og_site_name":"1meister.ee","article_modified_time":"2025-09-13T11:30:46+00:00","twitter_card":"summary_large_image","twitter_misc":{"Est. reading time":"2 minutes"},"schema":{"@context":"https:\/\/schema.org","@graph":[{"@type":"WebPage","@id":"https:\/\/1meister.ee\/et\/remonditoode-keerukuse-tasemed\/","url":"https:\/\/1meister.ee\/et\/remonditoode-keerukuse-tasemed\/","name":"Repair complexity levels - 1meister.ee","isPartOf":{"@id":"https:\/\/1meister.ee\/en\/#website"},"datePublished":"2025-09-13T11:26:30+00:00","dateModified":"2025-09-13T11:30:46+00:00","breadcrumb":{"@id":"https:\/\/1meister.ee\/et\/remonditoode-keerukuse-tasemed\/#breadcrumb"},"inLanguage":"en-US","potentialAction":[{"@type":"ReadAction","target":["https:\/\/1meister.ee\/et\/remonditoode-keerukuse-tasemed\/"]}]},{"@type":"BreadcrumbList","@id":"https:\/\/1meister.ee\/et\/remonditoode-keerukuse-tasemed\/#breadcrumb","itemListElement":[{"@type":"ListItem","position":1,"name":"Home","item":"https:\/\/1meister.ee\/en\/"},{"@type":"ListItem","position":2,"name":"Remondit\u00f6\u00f6de keerukuse tasemed"}]},{"@type":"WebSite","@id":"https:\/\/1meister.ee\/en\/#website","url":"https:\/\/1meister.ee\/en\/","name":"1meister.ee","description":"Repair of household appliances","publisher":{"@id":"https:\/\/1meister.ee\/en\/#organization"},"potentialAction":[{"@type":"SearchAction","target":{"@type":"EntryPoint","urlTemplate":"https:\/\/1meister.ee\/en\/?s={search_term_string}"},"query-input":"required name=search_term_string"}],"inLanguage":"en-US"},{"@type":"Organization","@id":"https:\/\/1meister.ee\/en\/#organization","name":"1meister.ee","url":"https:\/\/1meister.ee\/en\/","logo":{"@type":"ImageObject","inLanguage":"en-US","@id":"https:\/\/1meister.ee\/en\/#\/schema\/logo\/image\/","url":"https:\/\/1meister.ee\/wp-content\/uploads\/2024\/03\/cropped-1meister-2.png","contentUrl":"https:\/\/1meister.ee\/wp-content\/uploads\/2024\/03\/cropped-1meister-2.png","width":1079,"height":360,"caption":"1meister.ee"},"image":{"@id":"https:\/\/1meister.ee\/en\/#\/schema\/logo\/image\/"}}]}},"_links":{"self":[{"href":"https:\/\/1meister.ee\/en\/wp-json\/wp\/v2\/pages\/1265","targetHints":{"allow":["GET"]}}],"collection":[{"href":"https:\/\/1meister.ee\/en\/wp-json\/wp\/v2\/pages"}],"about":[{"href":"https:\/\/1meister.ee\/en\/wp-json\/wp\/v2\/types\/page"}],"author":[{"embeddable":true,"href":"https:\/\/1meister.ee\/en\/wp-json\/wp\/v2\/users\/1"}],"replies":[{"embeddable":true,"href":"https:\/\/1meister.ee\/en\/wp-json\/wp\/v2\/comments?post=1265"}],"version-history":[{"count":5,"href":"https:\/\/1meister.ee\/en\/wp-json\/wp\/v2\/pages\/1265\/revisions"}],"predecessor-version":[{"id":1273,"href":"https:\/\/1meister.ee\/en\/wp-json\/wp\/v2\/pages\/1265\/revisions\/1273"}],"wp:attachment":[{"href":"https:\/\/1meister.ee\/en\/wp-json\/wp\/v2\/media?parent=1265"}],"curies":[{"name":"wp","href":"https:\/\/api.w.org\/{rel}","templated":true}]}}